{"id":207,"date":"2024-07-23T22:18:38","date_gmt":"2024-07-23T20:18:38","guid":{"rendered":"https:\/\/steeler4x4.com\/conf9595igurator\/?post_type=product&#038;p=207"},"modified":"2026-02-02T09:38:55","modified_gmt":"2026-02-02T08:38:55","slug":"zabudowa-kontenerowa-izoterma-proace-max-l4","status":"publish","type":"product","link":"https:\/\/steeler4x4.com\/konfigurator\/produkt\/zabudowa-kontenerowa-izoterma-proace-max-l4\/","title":{"rendered":"Zabudowa kontenerowa (izoterma) \u2013 ProAce Max L4"},"content":{"rendered":"<p>&#8211; d\u0142ugo\u015b\u0107 wewn\u0119trzna: 2900 \u2013 4000 mm\u200b<br \/>\n&#8211; szeroko\u015b\u0107 wewn\u0119trzna: 2100 &#8211; 2280 mm\u200b<br \/>\n&#8211; wysoko\u015b\u0107: 2000 &#8211; 2450 mm\u200b<br \/>\n&#8211; waga: 550 \u2013 640 kg\u200b<br \/>\n&#8211; dach: laminat p\u00f3\u0142przezroczysty\u200b<br \/>\n&#8211; drzwi boczne o szeroko\u015bci 900 mm<br \/>\n&#8211; cena spojlera dachowego dotyczy produktu w kolorze bia\u0142ym &#8211; lakierowanie w kod koloru auta wyceniane jest indywidualnie<br \/>\n&#8211; rama wykonana z profili aluminiowych<br \/>\n&#8211; pod\u0142oga izolowana o grubo\u015bci 60 mm, pokryta \u017cywic\u0105 z warstw\u0105 antypo\u015blizgow\u0105<br \/>\n&#8211; \u015bciany wykonane z p\u0142yty obustronnej laminowanej<br \/>\n&#8211; dach o grubo\u015bci 60 mm, \u015bciany o grubo\u015bci 40 mm<br \/>\n&#8211; rama tylna &#8211; stal kwasoodporna<br \/>\n&#8211; profile zewn\u0119trzne aluminiowe<br \/>\n&#8211; drzwi dwuskrzyd\u0142owe wyposa\u017cone w dwa zamkni\u0119cia na skrzyd\u0142o<br \/>\n&#8211; nadkola z tworzywa z chlapaczami<br \/>\n&#8211; \u015bwiat\u0142a obrysowe LED zgodne z przepisami KD<br \/>\n&#8211; okucia zewn\u0119trzne (o\u015bcie\u017cnice drzwiowe, zamki i zawiasy) wykonane ze stali kwasoodpornej<br \/>\n&#8211; oznaczenia producenta<\/p>\n","protected":false},"excerpt":{"rendered":"<p>&#8211; d\u0142ugo\u015b\u0107 wewn\u0119trzna: 2900 \u2013 4000 mm\u200b &#8211; szeroko\u015b\u0107 wewn\u0119trzna: 2100 &#8211; 2280 mm\u200b &#8211; wysoko\u015b\u0107: 2000 &#8211; 2450 mm\u200b &#8211; waga: 550 \u2013 640 kg\u200b &#8211; dach: laminat p\u00f3\u0142przezroczysty\u200b &#8211; drzwi boczne o szeroko\u015bci 900 mm &#8211; cena spojlera dachowego dotyczy produktu w kolorze bia\u0142ym &#8211; lakierowanie w kod koloru auta wyceniane jest indywidualnie &#8211; rama wykonana z profili aluminiowych &#8211; pod\u0142oga izolowana o grubo\u015bci 60 mm, pokryta \u017cywic\u0105 z warstw\u0105 antypo\u015blizgow\u0105 &#8211; \u015bciany wykonane z p\u0142yty obustronnej laminowanej &#8211; dach o grubo\u015bci 60 mm, \u015bciany o grubo\u015bci 40 mm &#8211; rama tylna &#8211; stal kwasoodporna &#8211; profile zewn\u0119trzne aluminiowe &#8211; drzwi dwuskrzyd\u0142owe wyposa\u017cone w dwa zamkni\u0119cia na skrzyd\u0142o &#8211; nadkola z tworzywa z chlapaczami &#8211; \u015bwiat\u0142a obrysowe LED zgodne z przepisami KD &#8211; okucia zewn\u0119trzne (o\u015bcie\u017cnice drzwiowe, zamki i zawiasy) wykonane ze stali kwasoodpornej &#8211; oznaczenia producenta<\/p>\n","protected":false},"featured_media":202,"template":"","meta":[],"product_cat":[66],"product_tag":[],"class_list":{"0":"post-207","1":"product","2":"type-product","3":"status-publish","4":"has-post-thumbnail","6":"product_cat-zabudowa-kontenerowa","8":"first","9":"instock","10":"sold-individually","11":"taxable","12":"shipping-taxable","13":"product-type-simple"},"_links":{"self":[{"href":"https:\/\/steeler4x4.com\/konfigurator\/wp-json\/wp\/v2\/product\/207","targetHints":{"allow":["GET"]}}],"collection":[{"href":"https:\/\/steeler4x4.com\/konfigurator\/wp-json\/wp\/v2\/product"}],"about":[{"href":"https:\/\/steeler4x4.com\/konfigurator\/wp-json\/wp\/v2\/types\/product"}],"wp:featuredmedia":[{"embeddable":true,"href":"https:\/\/steeler4x4.com\/konfigurator\/wp-json\/wp\/v2\/media\/202"}],"wp:attachment":[{"href":"https:\/\/steeler4x4.com\/konfigurator\/wp-json\/wp\/v2\/media?parent=207"}],"wp:term":[{"taxonomy":"product_cat","embeddable":true,"href":"https:\/\/steeler4x4.com\/konfigurator\/wp-json\/wp\/v2\/product_cat?post=207"},{"taxonomy":"product_tag","embeddable":true,"href":"https:\/\/steeler4x4.com\/konfigurator\/wp-json\/wp\/v2\/product_tag?post=207"}],"curies":[{"name":"wp","href":"https:\/\/api.w.org\/{rel}","templated":true}]}}