{"id":204,"date":"2024-07-23T22:18:38","date_gmt":"2024-07-23T20:18:38","guid":{"rendered":"https:\/\/steeler4x4.com\/conf9595igurator\/?post_type=product&#038;p=204"},"modified":"2026-02-02T09:36:29","modified_gmt":"2026-02-02T08:36:29","slug":"zabudowa-kontenerowa-chlodnia-proace-max-l2","status":"publish","type":"product","link":"https:\/\/steeler4x4.com\/konfigurator\/produkt\/zabudowa-kontenerowa-chlodnia-proace-max-l2\/","title":{"rendered":"Zabudowa kontenerowa (ch\u0142odnia) \u2013 ProAce Max L2"},"content":{"rendered":"<p>&#8211; d\u0142ugo\u015b\u0107 wewn\u0119trzna: 2900 \u2013 4000 mm\u200b<br \/>\n&#8211; szeroko\u015b\u0107 wewn\u0119trzna: 2100 &#8211; 2280 mm\u200b<br \/>\n&#8211; wysoko\u015b\u0107: 2000 &#8211; 2450 mm\u200b<br \/>\n&#8211; waga: 550 \u2013 640 kg\u200b<br \/>\n&#8211; rama po\u015brednia: aluminium\u200b<br \/>\n&#8211; \u015bciany: laminat poliestrowy \u200b<br \/>\n&#8211; dach: laminat p\u00f3\u0142przezroczysty\u200b<br \/>\n&#8211; drzwi boczne o szeroko\u015bci 900 mm<br \/>\n&#8211; cena spojlera dachowego dotyczy produktu w kolorze bia\u0142ym &#8211; lakierowanie w kod koloru auta wyceniane jest indywidualnie<br \/>\n&#8211; rama wykonana z profili aluminiowych, dolny zawias obrysowy aluminiowy<br \/>\n&#8211; pod\u0142oga izolowana o grubo\u015bci 100 mm pokryta \u017cywic\u0105 z warstw\u0105 antypo\u015blizgow\u0105<br \/>\n&#8211; \u015bciany wykonane z p\u0142yty warstwowej obustronnie laminowane<br \/>\n&#8211; dach o grubo\u015bci 100 mm, \u015bciany boczne o grubo\u015bci 80 mm<br \/>\n&#8211; przednia \u015bciana przygotowana pod monta\u017c agregatu<br \/>\n&#8211; rama tylna: stal kwasoodporna<br \/>\n&#8211; profile zewn\u0119trzne aluminiowe<br \/>\n&#8211; drzwi dwuskrzyd\u0142owe wyposa\u017cone w dwa zamkni\u0119cia na skrzyd\u0142o<br \/>\n&#8211; nadkola z tworzywa z chlapaczami<br \/>\n&#8211; \u015bwiat\u0142a obrysowe LED zgodne z przepisami KD<br \/>\n&#8211; okucia zewn\u0119trzne (o\u015bcie\u017cnice drzwiowe, zamki i zawiasy) wykonane ze stali kwasoodpornej<br \/>\n&#8211; oznaczenia producenta<\/p>\n","protected":false},"excerpt":{"rendered":"<p>&#8211; d\u0142ugo\u015b\u0107 wewn\u0119trzna: 2900 \u2013 4000 mm\u200b &#8211; szeroko\u015b\u0107 wewn\u0119trzna: 2100 &#8211; 2280 mm\u200b &#8211; wysoko\u015b\u0107: 2000 &#8211; 2450 mm\u200b &#8211; waga: 550 \u2013 640 kg\u200b &#8211; rama po\u015brednia: aluminium\u200b &#8211; \u015bciany: laminat poliestrowy \u200b &#8211; dach: laminat p\u00f3\u0142przezroczysty\u200b &#8211; drzwi boczne o szeroko\u015bci 900 mm &#8211; cena spojlera dachowego dotyczy produktu w kolorze bia\u0142ym &#8211; lakierowanie w kod koloru auta wyceniane jest indywidualnie &#8211; rama wykonana z profili aluminiowych, dolny zawias obrysowy aluminiowy &#8211; pod\u0142oga izolowana o grubo\u015bci 100 mm pokryta \u017cywic\u0105 z warstw\u0105 antypo\u015blizgow\u0105 &#8211; \u015bciany wykonane z p\u0142yty warstwowej obustronnie laminowane &#8211; dach o grubo\u015bci 100 mm, \u015bciany boczne o grubo\u015bci 80 mm &#8211; przednia \u015bciana przygotowana pod monta\u017c agregatu &#8211; rama tylna: stal kwasoodporna &#8211; profile zewn\u0119trzne aluminiowe &#8211; drzwi dwuskrzyd\u0142owe wyposa\u017cone w dwa zamkni\u0119cia na skrzyd\u0142o &#8211; nadkola z tworzywa z chlapaczami &#8211; \u015bwiat\u0142a obrysowe LED zgodne z przepisami KD &#8211; okucia zewn\u0119trzne (o\u015bcie\u017cnice drzwiowe,&hellip;<\/p>\n<p> <a class=\"more-link\" href=\"https:\/\/steeler4x4.com\/konfigurator\/produkt\/zabudowa-kontenerowa-chlodnia-proace-max-l2\/\">Dowiedz si\u0119 wi\u0119cej<\/a><\/p>\n","protected":false},"featured_media":202,"template":"","meta":[],"product_cat":[66],"product_tag":[],"class_list":{"0":"post-204","1":"product","2":"type-product","3":"status-publish","4":"has-post-thumbnail","6":"product_cat-zabudowa-kontenerowa","8":"first","9":"instock","10":"sold-individually","11":"taxable","12":"shipping-taxable","13":"product-type-simple"},"_links":{"self":[{"href":"https:\/\/steeler4x4.com\/konfigurator\/wp-json\/wp\/v2\/product\/204","targetHints":{"allow":["GET"]}}],"collection":[{"href":"https:\/\/steeler4x4.com\/konfigurator\/wp-json\/wp\/v2\/product"}],"about":[{"href":"https:\/\/steeler4x4.com\/konfigurator\/wp-json\/wp\/v2\/types\/product"}],"wp:featuredmedia":[{"embeddable":true,"href":"https:\/\/steeler4x4.com\/konfigurator\/wp-json\/wp\/v2\/media\/202"}],"wp:attachment":[{"href":"https:\/\/steeler4x4.com\/konfigurator\/wp-json\/wp\/v2\/media?parent=204"}],"wp:term":[{"taxonomy":"product_cat","embeddable":true,"href":"https:\/\/steeler4x4.com\/konfigurator\/wp-json\/wp\/v2\/product_cat?post=204"},{"taxonomy":"product_tag","embeddable":true,"href":"https:\/\/steeler4x4.com\/konfigurator\/wp-json\/wp\/v2\/product_tag?post=204"}],"curies":[{"name":"wp","href":"https:\/\/api.w.org\/{rel}","templated":true}]}}