{"id":201,"date":"2024-07-23T22:18:35","date_gmt":"2024-07-23T20:18:35","guid":{"rendered":"https:\/\/steeler4x4.com\/conf9595igurator\/?post_type=product&#038;p=201"},"modified":"2026-02-02T09:35:30","modified_gmt":"2026-02-02T08:35:30","slug":"zabudowa-kontenerowa-proace-max-l4","status":"publish","type":"product","link":"https:\/\/steeler4x4.com\/konfigurator\/produkt\/zabudowa-kontenerowa-proace-max-l4\/","title":{"rendered":"Zabudowa kontenerowa \u2013 ProAce Max L4"},"content":{"rendered":"<p>&#8211; d\u0142ugo\u015b\u0107 wewn\u0119trzna: 2900 \u2013 4000 mm\u200b<br \/>\n&#8211; szeroko\u015b\u0107 wewn\u0119trzna: 2100 &#8211; 2280 mm\u200b<br \/>\n&#8211; wysoko\u015b\u0107: 2000 &#8211; 2450 mm\u200b<br \/>\n&#8211; waga: 550 \u2013 640 kg\u200b<br \/>\n&#8211; \u015bciany: laminat poliestrowy \u200b<br \/>\n&#8211; dach: laminat p\u00f3\u0142przezroczysty\u200b<br \/>\n&#8211; drzwi boczne o szeroko\u015bci 900 mm<br \/>\n&#8211; cena spojlera dachowego dotyczy produktu w kolorze bia\u0142ym &#8211; lakierowanie w kod koloru auta wyceniane jest indywidualnie<br \/>\n&#8211; rama pod\u0142ogowa wykonana z aluminium<br \/>\n&#8211; pod\u0142oga wykonana ze sklejki impregnowanej &#8211; wodoodpornej z powierzchni\u0105 antypo\u015blizgow\u0105 o grubo\u015bci 15 mm<br \/>\n&#8211; \u015bciany obustronnie laminowane z rdzeniem poliestrowym, dach \u015bwietlikowy<br \/>\n&#8211; \u015bciana tylna: drzwi dwuskrzyd\u0142owe<br \/>\n&#8211; profile zewn\u0119trzne aluminiowe, rama tylna stalowa, lakierowana<br \/>\n&#8211; nadkola tylne z chlapaczami<br \/>\n&#8211; o\u015bwietlenie obrysowe zgodne z KD<br \/>\n&#8211; listwa odbojowa na dw\u00f3ch bocznych \u015bcianach<br \/>\n&#8211; kratka wentylacyjna w przedniej \u015bcianie i tylnych drzwiach<br \/>\n&#8211; oznaczenia producenta<\/p>\n","protected":false},"excerpt":{"rendered":"<p>&#8211; d\u0142ugo\u015b\u0107 wewn\u0119trzna: 2900 \u2013 4000 mm\u200b &#8211; szeroko\u015b\u0107 wewn\u0119trzna: 2100 &#8211; 2280 mm\u200b &#8211; wysoko\u015b\u0107: 2000 &#8211; 2450 mm\u200b &#8211; waga: 550 \u2013 640 kg\u200b &#8211; \u015bciany: laminat poliestrowy \u200b &#8211; dach: laminat p\u00f3\u0142przezroczysty\u200b &#8211; drzwi boczne o szeroko\u015bci 900 mm &#8211; cena spojlera dachowego dotyczy produktu w kolorze bia\u0142ym &#8211; lakierowanie w kod koloru auta wyceniane jest indywidualnie &#8211; rama pod\u0142ogowa wykonana z aluminium &#8211; pod\u0142oga wykonana ze sklejki impregnowanej &#8211; wodoodpornej z powierzchni\u0105 antypo\u015blizgow\u0105 o grubo\u015bci 15 mm &#8211; \u015bciany obustronnie laminowane z rdzeniem poliestrowym, dach \u015bwietlikowy &#8211; \u015bciana tylna: drzwi dwuskrzyd\u0142owe &#8211; profile zewn\u0119trzne aluminiowe, rama tylna stalowa, lakierowana &#8211; nadkola tylne z chlapaczami &#8211; o\u015bwietlenie obrysowe zgodne z KD &#8211; listwa odbojowa na dw\u00f3ch bocznych \u015bcianach &#8211; kratka wentylacyjna w przedniej \u015bcianie i tylnych drzwiach &#8211; oznaczenia producenta<\/p>\n","protected":false},"featured_media":202,"template":"","meta":[],"product_cat":[66],"product_tag":[],"class_list":{"0":"post-201","1":"product","2":"type-product","3":"status-publish","4":"has-post-thumbnail","6":"product_cat-zabudowa-kontenerowa","8":"first","9":"instock","10":"sold-individually","11":"taxable","12":"shipping-taxable","13":"product-type-simple"},"_links":{"self":[{"href":"https:\/\/steeler4x4.com\/konfigurator\/wp-json\/wp\/v2\/product\/201","targetHints":{"allow":["GET"]}}],"collection":[{"href":"https:\/\/steeler4x4.com\/konfigurator\/wp-json\/wp\/v2\/product"}],"about":[{"href":"https:\/\/steeler4x4.com\/konfigurator\/wp-json\/wp\/v2\/types\/product"}],"wp:featuredmedia":[{"embeddable":true,"href":"https:\/\/steeler4x4.com\/konfigurator\/wp-json\/wp\/v2\/media\/202"}],"wp:attachment":[{"href":"https:\/\/steeler4x4.com\/konfigurator\/wp-json\/wp\/v2\/media?parent=201"}],"wp:term":[{"taxonomy":"product_cat","embeddable":true,"href":"https:\/\/steeler4x4.com\/konfigurator\/wp-json\/wp\/v2\/product_cat?post=201"},{"taxonomy":"product_tag","embeddable":true,"href":"https:\/\/steeler4x4.com\/konfigurator\/wp-json\/wp\/v2\/product_tag?post=201"}],"curies":[{"name":"wp","href":"https:\/\/api.w.org\/{rel}","templated":true}]}}