{"id":192,"date":"2024-07-23T22:18:35","date_gmt":"2024-07-23T20:18:35","guid":{"rendered":"https:\/\/steeler4x4.com\/conf9595igurator\/?post_type=product&#038;p=192"},"modified":"2024-08-12T15:46:19","modified_gmt":"2024-08-12T13:46:19","slug":"zabudowa-serwisowa-proace-city-long","status":"publish","type":"product","link":"https:\/\/steeler4x4.com\/konfigurator\/produkt\/zabudowa-serwisowa-proace-city-long\/","title":{"rendered":"Zabudowa serwisowa \u2013 ProAce City Long"},"content":{"rendered":"<p>&#8211; pod\u0142ogi do samochod\u00f3w dostawczych wzmacniaj\u0105 nadwozie samochodu u\u017cytkowego, chroni\u0105c przed zu\u017cyciem i uszkodzeniami spowodowanymi przewo\u017conym towarem.<br \/>\n&#8211; panele pod\u0142ogowe w pow\u0142oce fenolowej o barwie szarej i grubo\u015bci 12 mm, zosta\u0142y wykonane z wielowarstwowej sklejki szkutniczej ze skrawanego drzewa brzozy.<br \/>\n&#8211; pod\u0142oga jest pokryta pow\u0142ok\u0105 z \u017cywic fenolowych co zapewnia wi\u0119ksz\u0105 odporno\u015b\u0107 na uderzenia, chroni przed wod\u0105 jak i ma w\u0142a\u015bciwo\u015bci antypo\u015blizgowe.<br \/>\n&#8211; system po\u0142\u0105cze\u0144 wykonany z profilu aluminiowego, spaja wszystkie p\u0142yty pod\u0142ogowe w ca\u0142o\u015b\u0107, jednocze\u015bnie spe\u0142niaj\u0105c wszelkie normy<br \/>\n&#8211; pod\u0142ogi i panele \u015bcienne sk\u0142adaj\u0105 si\u0119 z kilku element\u00f3w<br \/>\n&#8211; produkty posiadaj\u0105 fabryczne opakowanie<br \/>\n&#8211; produkty obj\u0119te s\u0105 3-letni\u0105 gwarancj\u0105 producenta<\/p>\n","protected":false},"excerpt":{"rendered":"<p>&#8211; pod\u0142ogi do samochod\u00f3w dostawczych wzmacniaj\u0105 nadwozie samochodu u\u017cytkowego, chroni\u0105c przed zu\u017cyciem i uszkodzeniami spowodowanymi przewo\u017conym towarem. &#8211; panele pod\u0142ogowe w pow\u0142oce fenolowej o barwie szarej i grubo\u015bci 12 mm, zosta\u0142y wykonane z wielowarstwowej sklejki szkutniczej ze skrawanego drzewa brzozy. &#8211; pod\u0142oga jest pokryta pow\u0142ok\u0105 z \u017cywic fenolowych co zapewnia wi\u0119ksz\u0105 odporno\u015b\u0107 na uderzenia, chroni przed wod\u0105 jak i ma w\u0142a\u015bciwo\u015bci antypo\u015blizgowe. &#8211; system po\u0142\u0105cze\u0144 wykonany z profilu aluminiowego, spaja wszystkie p\u0142yty pod\u0142ogowe w ca\u0142o\u015b\u0107, jednocze\u015bnie spe\u0142niaj\u0105c wszelkie normy &#8211; pod\u0142ogi i panele \u015bcienne sk\u0142adaj\u0105 si\u0119 z kilku element\u00f3w &#8211; produkty posiadaj\u0105 fabryczne opakowanie &#8211; produkty obj\u0119te s\u0105 3-letni\u0105 gwarancj\u0105 producenta<\/p>\n","protected":false},"featured_media":132,"template":"","meta":[],"product_cat":[21],"product_tag":[],"class_list":{"0":"post-192","1":"product","2":"type-product","3":"status-publish","4":"has-post-thumbnail","6":"product_cat-zabudowa-serwisowa","8":"first","9":"instock","10":"sold-individually","11":"taxable","12":"shipping-taxable","13":"product-type-simple"},"_links":{"self":[{"href":"https:\/\/steeler4x4.com\/konfigurator\/wp-json\/wp\/v2\/product\/192","targetHints":{"allow":["GET"]}}],"collection":[{"href":"https:\/\/steeler4x4.com\/konfigurator\/wp-json\/wp\/v2\/product"}],"about":[{"href":"https:\/\/steeler4x4.com\/konfigurator\/wp-json\/wp\/v2\/types\/product"}],"wp:featuredmedia":[{"embeddable":true,"href":"https:\/\/steeler4x4.com\/konfigurator\/wp-json\/wp\/v2\/media\/132"}],"wp:attachment":[{"href":"https:\/\/steeler4x4.com\/konfigurator\/wp-json\/wp\/v2\/media?parent=192"}],"wp:term":[{"taxonomy":"product_cat","embeddable":true,"href":"https:\/\/steeler4x4.com\/konfigurator\/wp-json\/wp\/v2\/product_cat?post=192"},{"taxonomy":"product_tag","embeddable":true,"href":"https:\/\/steeler4x4.com\/konfigurator\/wp-json\/wp\/v2\/product_tag?post=192"}],"curies":[{"name":"wp","href":"https:\/\/api.w.org\/{rel}","templated":true}]}}