{"id":1325,"date":"2025-10-02T11:04:01","date_gmt":"2025-10-02T09:04:01","guid":{"rendered":"https:\/\/steeler4x4.com\/konfigurator\/?post_type=product&#038;p=1325"},"modified":"2025-10-02T11:06:03","modified_gmt":"2025-10-02T09:06:03","slug":"lampa-obrysowa-led-boczna-zolta-z-odblaskiem","status":"publish","type":"product","link":"https:\/\/steeler4x4.com\/konfigurator\/produkt\/lampa-obrysowa-led-boczna-zolta-z-odblaskiem\/","title":{"rendered":"Lampa obrysowa LED boczna \u017c\u00f3\u0142ta z odblaskiem"},"content":{"rendered":"","protected":false},"excerpt":{"rendered":"","protected":false},"featured_media":1202,"template":"","meta":[],"product_cat":[74,78,80,79,76,77,75],"product_tag":[],"class_list":{"0":"post-1325","1":"product","2":"type-product","3":"status-publish","4":"has-post-thumbnail","6":"product_cat-czesci-zamienne","7":"product_cat-laweta-czesci-zamienne","8":"product_cat-plandeka-czesci-zamienne","9":"product_cat-skrzynia-otwarta-czesci-zamienne","10":"product_cat-zabudowa-kontenerowa-chlodnia","11":"product_cat-zabudowa-kontenerowa-izoterma","12":"product_cat-zabudowa-kontenerowa-standard","14":"first","15":"instock","16":"sold-individually","17":"taxable","18":"shipping-taxable","19":"product-type-variable","20":"has-default-attributes"},"_links":{"self":[{"href":"https:\/\/steeler4x4.com\/konfigurator\/wp-json\/wp\/v2\/product\/1325","targetHints":{"allow":["GET"]}}],"collection":[{"href":"https:\/\/steeler4x4.com\/konfigurator\/wp-json\/wp\/v2\/product"}],"about":[{"href":"https:\/\/steeler4x4.com\/konfigurator\/wp-json\/wp\/v2\/types\/product"}],"wp:featuredmedia":[{"embeddable":true,"href":"https:\/\/steeler4x4.com\/konfigurator\/wp-json\/wp\/v2\/media\/1202"}],"wp:attachment":[{"href":"https:\/\/steeler4x4.com\/konfigurator\/wp-json\/wp\/v2\/media?parent=1325"}],"wp:term":[{"taxonomy":"product_cat","embeddable":true,"href":"https:\/\/steeler4x4.com\/konfigurator\/wp-json\/wp\/v2\/product_cat?post=1325"},{"taxonomy":"product_tag","embeddable":true,"href":"https:\/\/steeler4x4.com\/konfigurator\/wp-json\/wp\/v2\/product_tag?post=1325"}],"curies":[{"name":"wp","href":"https:\/\/api.w.org\/{rel}","templated":true}]}}