{"id":1295,"date":"2025-09-24T12:03:12","date_gmt":"2025-09-24T10:03:12","guid":{"rendered":"https:\/\/steeler4x4.com\/konfigurator\/?post_type=product&#038;p=1295"},"modified":"2026-02-02T09:51:47","modified_gmt":"2026-02-02T08:51:47","slug":"wywrotka-proace-max-l4-podwojna-kabina-dokka","status":"publish","type":"product","link":"https:\/\/steeler4x4.com\/konfigurator\/produkt\/wywrotka-proace-max-l4-podwojna-kabina-dokka\/","title":{"rendered":"Wywrotka &#8211; ProAce Max L4 &#8211; podw\u00f3jna kabina (DOKKA)"},"content":{"rendered":"<p>&#8211; d\u0142ugo\u015b\u0107: 3200 mm<br \/>\n&#8211; szeroko\u015b\u0107: 2100 mm<br \/>\n&#8211; skrzynie boczne du\u017ce o pojemno\u015bci 60 litr\u00f3w &#8211; do wyboru jedna lub dwie po lewej i prawej stronie<br \/>\n&#8211; skrzynie boczne ma\u0142e o pojemno\u015bci 40 litr\u00f3w &#8211; do wyboru jedna lub dwie po lewej i prawej stronie<br \/>\n&#8211; os\u0142ona antyrowerowa jako opcja dodatkowa<br \/>\n&#8211; stalowa pod\u0142oga<br \/>\n&#8211; stalowe burty boczne i tylna<br \/>\n&#8211; os\u0142ona za kabin\u0105 w standardzie jako poprzeczki aluminiowe, malowana proszkowo jako opcja dodatkowa<br \/>\n&#8211; uchwyty do mocowania \u0142adunku jako opcja dodatkowa<br \/>\n&#8211; dwu-obwodowy system zawieszenia pneumatycznego na ty\u0142 w standardzie<\/p>\n","protected":false},"excerpt":{"rendered":"<p>&#8211; d\u0142ugo\u015b\u0107: 3200 mm &#8211; szeroko\u015b\u0107: 2100 mm &#8211; skrzynie boczne du\u017ce o pojemno\u015bci 60 litr\u00f3w &#8211; do wyboru jedna lub dwie po lewej i prawej stronie &#8211; skrzynie boczne ma\u0142e o pojemno\u015bci 40 litr\u00f3w &#8211; do wyboru jedna lub dwie po lewej i prawej stronie &#8211; os\u0142ona antyrowerowa jako opcja dodatkowa &#8211; stalowa pod\u0142oga &#8211; stalowe burty boczne i tylna &#8211; os\u0142ona za kabin\u0105 w standardzie jako poprzeczki aluminiowe, malowana proszkowo jako opcja dodatkowa &#8211; uchwyty do mocowania \u0142adunku jako opcja dodatkowa &#8211; dwu-obwodowy system zawieszenia pneumatycznego na ty\u0142 w standardzie<\/p>\n","protected":false},"featured_media":1282,"template":"","meta":[],"product_cat":[73],"product_tag":[],"class_list":{"0":"post-1295","1":"product","2":"type-product","3":"status-publish","4":"has-post-thumbnail","6":"product_cat-wywrotka","8":"first","9":"instock","10":"sold-individually","11":"taxable","12":"shipping-taxable","13":"product-type-simple"},"_links":{"self":[{"href":"https:\/\/steeler4x4.com\/konfigurator\/wp-json\/wp\/v2\/product\/1295","targetHints":{"allow":["GET"]}}],"collection":[{"href":"https:\/\/steeler4x4.com\/konfigurator\/wp-json\/wp\/v2\/product"}],"about":[{"href":"https:\/\/steeler4x4.com\/konfigurator\/wp-json\/wp\/v2\/types\/product"}],"wp:featuredmedia":[{"embeddable":true,"href":"https:\/\/steeler4x4.com\/konfigurator\/wp-json\/wp\/v2\/media\/1282"}],"wp:attachment":[{"href":"https:\/\/steeler4x4.com\/konfigurator\/wp-json\/wp\/v2\/media?parent=1295"}],"wp:term":[{"taxonomy":"product_cat","embeddable":true,"href":"https:\/\/steeler4x4.com\/konfigurator\/wp-json\/wp\/v2\/product_cat?post=1295"},{"taxonomy":"product_tag","embeddable":true,"href":"https:\/\/steeler4x4.com\/konfigurator\/wp-json\/wp\/v2\/product_tag?post=1295"}],"curies":[{"name":"wp","href":"https:\/\/api.w.org\/{rel}","templated":true}]}}