{"id":110,"date":"2024-07-23T22:18:24","date_gmt":"2024-07-23T20:18:24","guid":{"rendered":"https:\/\/steeler4x4.com\/conf9595igurator\/?post_type=product&#038;p=110"},"modified":"2025-08-21T11:30:26","modified_gmt":"2025-08-21T09:30:26","slug":"izoterma-proace-city-electric-standard","status":"publish","type":"product","link":"https:\/\/steeler4x4.com\/konfigurator\/produkt\/izoterma-proace-city-electric-standard\/","title":{"rendered":"Izoterma &#8211; ProAce City Electric Standard"},"content":{"rendered":"<p>&#8211; Zabudowa izotermiczna z agregatem Eurofrigo C3500\u200b<br \/>\n&#8211; Bateria LiFePO4, 100Ah\u200b<br \/>\n&#8211; Czas pracy agregatu: 6-8 godzin\u200b<br \/>\n&#8211; \u0141adowarka AC-DC 20A 220\/1\/50\u200b<br \/>\n&#8211; Praca agregatu za po\u015brednictwem tylko dodatkowej baterii\u200b<br \/>\n&#8211; Brak ingerencji w przestrze\u0144 kierowcy\/pasa\u017cera\u200b<br \/>\n&#8211; Mo\u017cliwo\u015b\u0107 do\u0142o\u017cenia dodatkowej baterii\u200b<br \/>\n&#8211; Agregat z funkcj\u0105 grzania\u200b<br \/>\n&#8211; Waga zestawu: 100kg<br \/>\n&#8211; Maksymalna d\u0142ugo\u015b\u0107 przestrzeni \u0142adunkowej po pod\u0142odze: 1500 mm<br \/>\n&#8211; Minimalna d\u0142ugo\u015b\u0107 przedzia\u0142u \u0142adunkowego w g\u00f3rnej cz\u0119\u015bci (od drzwi tylnych do agregatu): 700mm<br \/>\n&#8211; Maksymalna szeroko\u015b\u0107 przedzia\u0142u \u0142adunkowego po pod\u0142odze:1270 mm<br \/>\n&#8211; Minimalna szeroko\u015b\u0107 przedzia\u0142u \u0142adunkowego (mi\u0119dzy nadkolami): 1110 mm<br \/>\n&#8211; Wysoko\u015b\u0107 przedzia\u0142u \u0142adunkowego: 1000 mm<br \/>\n&#8211; Kubatura: 1,98 m3<br \/>\n&#8211; Zabudowa dedykowana jest do modelu T. Proace City Standard z silnikiem 1.5 D do wersji z 1 drzwiami przesuwnymi oraz tylnymi drzwiami skrzyd\u0142owymi. Zabudowa z agregatem podpod\u0142ogowym wymaga demonta\u017cu ko\u0142a zapasowego. Jest kompatybilna z pojazdami bez systemu START\/STOP<br \/>\n&#8211; Transport pojazdu: do Steeler na koszt dealera, po modyfikacji na koszt Steeler<br \/>\n&#8211; Fakturowanie: zam\u00f3wienie systemowe, faktura przez TCE<br \/>\n&#8211; Rejestracja: na podstawie \u015bwiadectwa homologacji II etapu<\/p>\n","protected":false},"excerpt":{"rendered":"<p>&#8211; Zabudowa izotermiczna z agregatem Eurofrigo C3500\u200b &#8211; Bateria LiFePO4, 100Ah\u200b &#8211; Czas pracy agregatu: 6-8 godzin\u200b &#8211; \u0141adowarka AC-DC 20A 220\/1\/50\u200b &#8211; Praca agregatu za po\u015brednictwem tylko dodatkowej baterii\u200b &#8211; Brak ingerencji w przestrze\u0144 kierowcy\/pasa\u017cera\u200b &#8211; Mo\u017cliwo\u015b\u0107 do\u0142o\u017cenia dodatkowej baterii\u200b &#8211; Agregat z funkcj\u0105 grzania\u200b &#8211; Waga zestawu: 100kg &#8211; Maksymalna d\u0142ugo\u015b\u0107 przestrzeni \u0142adunkowej po pod\u0142odze: 1500 mm &#8211; Minimalna d\u0142ugo\u015b\u0107 przedzia\u0142u \u0142adunkowego w g\u00f3rnej cz\u0119\u015bci (od drzwi tylnych do agregatu): 700mm &#8211; Maksymalna szeroko\u015b\u0107 przedzia\u0142u \u0142adunkowego po pod\u0142odze:1270 mm &#8211; Minimalna szeroko\u015b\u0107 przedzia\u0142u \u0142adunkowego (mi\u0119dzy nadkolami): 1110 mm &#8211; Wysoko\u015b\u0107 przedzia\u0142u \u0142adunkowego: 1000 mm &#8211; Kubatura: 1,98 m3 &#8211; Zabudowa dedykowana jest do modelu T. Proace City Standard z silnikiem 1.5 D do wersji z 1 drzwiami przesuwnymi oraz tylnymi drzwiami skrzyd\u0142owymi. Zabudowa z agregatem podpod\u0142ogowym wymaga demonta\u017cu ko\u0142a zapasowego. Jest kompatybilna z pojazdami bez systemu START\/STOP &#8211; Transport pojazdu: do Steeler na koszt dealera, po modyfikacji na&hellip;<\/p>\n<p> <a class=\"more-link\" href=\"https:\/\/steeler4x4.com\/konfigurator\/produkt\/izoterma-proace-city-electric-standard\/\">Dowiedz si\u0119 wi\u0119cej<\/a><\/p>\n","protected":false},"featured_media":135,"template":"","meta":[],"product_cat":[24],"product_tag":[],"class_list":{"0":"post-110","1":"product","2":"type-product","3":"status-publish","4":"has-post-thumbnail","6":"product_cat-izoterma","8":"first","9":"instock","10":"sold-individually","11":"taxable","12":"shipping-taxable","13":"product-type-simple"},"_links":{"self":[{"href":"https:\/\/steeler4x4.com\/konfigurator\/wp-json\/wp\/v2\/product\/110","targetHints":{"allow":["GET"]}}],"collection":[{"href":"https:\/\/steeler4x4.com\/konfigurator\/wp-json\/wp\/v2\/product"}],"about":[{"href":"https:\/\/steeler4x4.com\/konfigurator\/wp-json\/wp\/v2\/types\/product"}],"wp:featuredmedia":[{"embeddable":true,"href":"https:\/\/steeler4x4.com\/konfigurator\/wp-json\/wp\/v2\/media\/135"}],"wp:attachment":[{"href":"https:\/\/steeler4x4.com\/konfigurator\/wp-json\/wp\/v2\/media?parent=110"}],"wp:term":[{"taxonomy":"product_cat","embeddable":true,"href":"https:\/\/steeler4x4.com\/konfigurator\/wp-json\/wp\/v2\/product_cat?post=110"},{"taxonomy":"product_tag","embeddable":true,"href":"https:\/\/steeler4x4.com\/konfigurator\/wp-json\/wp\/v2\/product_tag?post=110"}],"curies":[{"name":"wp","href":"https:\/\/api.w.org\/{rel}","templated":true}]}}