{"id":1079,"date":"2024-12-09T11:50:10","date_gmt":"2024-12-09T10:50:10","guid":{"rendered":"https:\/\/steeler4x4.com\/konfigurator\/?post_type=product&#038;p=1079"},"modified":"2026-02-02T09:45:14","modified_gmt":"2026-02-02T08:45:14","slug":"plandeka-proace-max-l3","status":"publish","type":"product","link":"https:\/\/steeler4x4.com\/konfigurator\/produkt\/plandeka-proace-max-l3\/","title":{"rendered":"Plandeka \u2013 ProAce Max L3"},"content":{"rendered":"<p>&#8211; burty aluminiowe o wysoko\u015bci 400 mm, zamkni\u0119cia pionowe (w przypadku zabudowy d\u0142u\u017cszej ni\u017c 4200 burty s\u0105 dzielone)<br \/>\n&#8211; pod\u0142oga ze sklejki antypo\u015blizgowej o grubo\u015bci 15 mm, wodoodporna<br \/>\n&#8211; stopie\u0144 wej\u015bciowy sk\u0142adany, zamontowany na tylnej burcie<br \/>\n&#8211; os\u0142ona kabiny kierowcy (profile aluminiowe) &#8211; trzy sztuki<br \/>\n&#8211; nadkola plastikowe z fartuchami<br \/>\n&#8211; odeskowanie wykonane z aluminium<br \/>\n&#8211; stela\u017c g\u00f3rny oraz rurki podtrzymuj\u0105ce plandek\u0119<br \/>\n&#8211; plandeka celna w kolorze srebrnym o gramaturze 650g\/m2<br \/>\n&#8211; dach plandeki wykonany z materia\u0142u p\u00f3\u0142przezroczystego<br \/>\n&#8211; s\u0142upki \u015brodkowe (szybki demonta\u017c)<\/p>\n","protected":false},"excerpt":{"rendered":"<p>&#8211; burty aluminiowe o wysoko\u015bci 400 mm, zamkni\u0119cia pionowe (w przypadku zabudowy d\u0142u\u017cszej ni\u017c 4200 burty s\u0105 dzielone) &#8211; pod\u0142oga ze sklejki antypo\u015blizgowej o grubo\u015bci 15 mm, wodoodporna &#8211; stopie\u0144 wej\u015bciowy sk\u0142adany, zamontowany na tylnej burcie &#8211; os\u0142ona kabiny kierowcy (profile aluminiowe) &#8211; trzy sztuki &#8211; nadkola plastikowe z fartuchami &#8211; odeskowanie wykonane z aluminium &#8211; stela\u017c g\u00f3rny oraz rurki podtrzymuj\u0105ce plandek\u0119 &#8211; plandeka celna w kolorze srebrnym o gramaturze 650g\/m2 &#8211; dach plandeki wykonany z materia\u0142u p\u00f3\u0142przezroczystego &#8211; s\u0142upki \u015brodkowe (szybki demonta\u017c)<\/p>\n","protected":false},"featured_media":134,"template":"","meta":[],"product_cat":[23],"product_tag":[],"class_list":{"0":"post-1079","1":"product","2":"type-product","3":"status-publish","4":"has-post-thumbnail","6":"product_cat-plandeka","8":"first","9":"instock","10":"sold-individually","11":"taxable","12":"shipping-taxable","13":"product-type-simple"},"_links":{"self":[{"href":"https:\/\/steeler4x4.com\/konfigurator\/wp-json\/wp\/v2\/product\/1079","targetHints":{"allow":["GET"]}}],"collection":[{"href":"https:\/\/steeler4x4.com\/konfigurator\/wp-json\/wp\/v2\/product"}],"about":[{"href":"https:\/\/steeler4x4.com\/konfigurator\/wp-json\/wp\/v2\/types\/product"}],"wp:featuredmedia":[{"embeddable":true,"href":"https:\/\/steeler4x4.com\/konfigurator\/wp-json\/wp\/v2\/media\/134"}],"wp:attachment":[{"href":"https:\/\/steeler4x4.com\/konfigurator\/wp-json\/wp\/v2\/media?parent=1079"}],"wp:term":[{"taxonomy":"product_cat","embeddable":true,"href":"https:\/\/steeler4x4.com\/konfigurator\/wp-json\/wp\/v2\/product_cat?post=1079"},{"taxonomy":"product_tag","embeddable":true,"href":"https:\/\/steeler4x4.com\/konfigurator\/wp-json\/wp\/v2\/product_tag?post=1079"}],"curies":[{"name":"wp","href":"https:\/\/api.w.org\/{rel}","templated":true}]}}