{"id":107,"date":"2024-07-23T22:18:24","date_gmt":"2024-07-23T20:18:24","guid":{"rendered":"https:\/\/steeler4x4.com\/conf9595igurator\/?post_type=product&#038;p=107"},"modified":"2026-02-02T09:20:33","modified_gmt":"2026-02-02T08:20:33","slug":"izoterma-proace-max-l2","status":"publish","type":"product","link":"https:\/\/steeler4x4.com\/konfigurator\/produkt\/izoterma-proace-max-l2\/","title":{"rendered":"Izoterma &#8211; ProAce Max L2"},"content":{"rendered":"<p>&#8211; wk\u0142ady izotermiczne\/panele typu\u200b sandwich<br \/>\n&#8211; wysokie w\u0142a\u015bciwo\u015bci izolacyjne<br \/>\n&#8211; wysoka odporno\u015b\u0107 na uszkodzenia\u200b mechaniczne<br \/>\n&#8211; utrzymanie sta\u0142ej temperatury wewn\u0105trz zabudowy<\/p>\n","protected":false},"excerpt":{"rendered":"<p>&#8211; wk\u0142ady izotermiczne\/panele typu\u200b sandwich &#8211; wysokie w\u0142a\u015bciwo\u015bci izolacyjne &#8211; wysoka odporno\u015b\u0107 na uszkodzenia\u200b mechaniczne &#8211; utrzymanie sta\u0142ej temperatury wewn\u0105trz zabudowy<\/p>\n","protected":false},"featured_media":136,"template":"","meta":[],"product_cat":[24],"product_tag":[],"class_list":{"0":"post-107","1":"product","2":"type-product","3":"status-publish","4":"has-post-thumbnail","6":"product_cat-izoterma","8":"first","9":"instock","10":"sold-individually","11":"taxable","12":"shipping-taxable","13":"product-type-simple"},"_links":{"self":[{"href":"https:\/\/steeler4x4.com\/konfigurator\/wp-json\/wp\/v2\/product\/107","targetHints":{"allow":["GET"]}}],"collection":[{"href":"https:\/\/steeler4x4.com\/konfigurator\/wp-json\/wp\/v2\/product"}],"about":[{"href":"https:\/\/steeler4x4.com\/konfigurator\/wp-json\/wp\/v2\/types\/product"}],"wp:featuredmedia":[{"embeddable":true,"href":"https:\/\/steeler4x4.com\/konfigurator\/wp-json\/wp\/v2\/media\/136"}],"wp:attachment":[{"href":"https:\/\/steeler4x4.com\/konfigurator\/wp-json\/wp\/v2\/media?parent=107"}],"wp:term":[{"taxonomy":"product_cat","embeddable":true,"href":"https:\/\/steeler4x4.com\/konfigurator\/wp-json\/wp\/v2\/product_cat?post=107"},{"taxonomy":"product_tag","embeddable":true,"href":"https:\/\/steeler4x4.com\/konfigurator\/wp-json\/wp\/v2\/product_tag?post=107"}],"curies":[{"name":"wp","href":"https:\/\/api.w.org\/{rel}","templated":true}]}}