{"id":106,"date":"2024-07-23T22:18:24","date_gmt":"2024-07-23T20:18:24","guid":{"rendered":"https:\/\/steeler4x4.com\/conf9595igurator\/?post_type=product&#038;p=106"},"modified":"2025-08-21T10:38:09","modified_gmt":"2025-08-21T08:38:09","slug":"izoterma-proace-city-long","status":"publish","type":"product","link":"https:\/\/steeler4x4.com\/konfigurator\/produkt\/izoterma-proace-city-long\/","title":{"rendered":"Izoterma &#8211; ProAce City Long"},"content":{"rendered":"<p>&#8211; \u015aciany wykonane z Polyester o grubo\u015bci 5mm z warstw\u0105 izolacyjn\u0105 z Polyurethanu o grubo\u015bci 50-60mm<br \/>\n&#8211; Pod\u0142oga wykonana z Polyester o grubo\u015bci 5mm z warstw\u0105 izolacyjn\u0105 z Polyurethanu o grubo\u015bci 60mm;- zabudowa zapewnia utrzymanie temperatury powy\u017cej 0\u00b0C- 6\u00b0C<br \/>\n&#8211; Liczba drzwi: boczne prawe przesuwne, tylne dwuskrzyd\u0142owe (bez opcji z dwoma drzwiami przesuwnymi oraz tylnymi drzwiami otwieranymi do g\u00f3ry<br \/>\n&#8211; O\u015bwietlenie: lampka LED<br \/>\n&#8211; Maksymalna d\u0142ugo\u015b\u0107 przestrzeni \u0142adunkowej po pod\u0142odze: 1850 mm<br \/>\n&#8211; Minimalna d\u0142ugo\u015b\u0107 przedzia\u0142u \u0142adunkowego w g\u00f3rnej cz\u0119\u015bci (od drzwi tylnych do agregatu): 1000mm<br \/>\n&#8211; Maksymalna szeroko\u015b\u0107 przedzia\u0142u \u0142adunkowego po pod\u0142odze:1270 mm<br \/>\n&#8211; Minimalna szeroko\u015b\u0107 przedzia\u0142u \u0142adunkowego (mi\u0119dzy nadkolami): 1110 mm<br \/>\n&#8211; Wysoko\u015b\u0107 przedzia\u0142u \u0142adunkowego: 1000 mm<br \/>\n&#8211; Kubatura: 2,45 m<sup>3<\/sup><br \/>\n&#8211; Zabudowa dedykowana jest do modelu T. Proace City Standard z silnikiem 1.5 D do wersji z 1 drzwiami przesuwnymi oraz tylnymi drzwiami skrzyd\u0142owymi. Zabudowa z agregatem podpod\u0142ogowym wymaga demonta\u017cu ko\u0142a zapasowego. Jest kompatybilna z pojazdami bez systemu START\/STOP<br \/>\n&#8211; Transport pojazdu: do Steeler na koszt dealera, po modyfikacji na koszt Steeler<br \/>\n&#8211; Fakturowanie: zam\u00f3wienie systemowe, faktura przez TCE<br \/>\n&#8211; Rejestracja: na podstawie \u015bwiadectwa homologacji II etapu<br \/>\n&#8211; Agregat ZANOTTI model SFZ007, monta\u017c agregatu podpod\u0142ogowy, utrzymanie temperatury w zakresie 0\u00b0C- 6\u00b0C przy temperaturze zewn\u0119trznej 30\u00b0C; agregat bez funkcji grzania<br \/>\n&#8211; Agregat ZANOTTI model Z200, monta\u017c agregatu na dachu, utrzymanie temperatury do -18\u00b0C przy temperaturze zewn\u0119trznej 30\u00b0C; agregat z opcjonaln\u0105 funkcj\u0105 grzania<br \/>\n&#8211; Agregat THERMOKING model C150, monta\u017c agregatu na dachu, utrzymanie temperatury w zakresie 0\u00b0C-6\u00b0C przy temperaturze zewn\u0119trznej 30\u00b0C; agregat bez funkcji grzania<\/p>\n","protected":false},"excerpt":{"rendered":"<p>&#8211; \u015aciany wykonane z Polyester o grubo\u015bci 5mm z warstw\u0105 izolacyjn\u0105 z Polyurethanu o grubo\u015bci 50-60mm &#8211; Pod\u0142oga wykonana z Polyester o grubo\u015bci 5mm z warstw\u0105 izolacyjn\u0105 z Polyurethanu o grubo\u015bci 60mm;- zabudowa zapewnia utrzymanie temperatury powy\u017cej 0\u00b0C- 6\u00b0C &#8211; Liczba drzwi: boczne prawe przesuwne, tylne dwuskrzyd\u0142owe (bez opcji z dwoma drzwiami przesuwnymi oraz tylnymi drzwiami otwieranymi do g\u00f3ry &#8211; O\u015bwietlenie: lampka LED &#8211; Maksymalna d\u0142ugo\u015b\u0107 przestrzeni \u0142adunkowej po pod\u0142odze: 1850 mm &#8211; Minimalna d\u0142ugo\u015b\u0107 przedzia\u0142u \u0142adunkowego w g\u00f3rnej cz\u0119\u015bci (od drzwi tylnych do agregatu): 1000mm &#8211; Maksymalna szeroko\u015b\u0107 przedzia\u0142u \u0142adunkowego po pod\u0142odze:1270 mm &#8211; Minimalna szeroko\u015b\u0107 przedzia\u0142u \u0142adunkowego (mi\u0119dzy nadkolami): 1110 mm &#8211; Wysoko\u015b\u0107 przedzia\u0142u \u0142adunkowego: 1000 mm &#8211; Kubatura: 2,45 m3 &#8211; Zabudowa dedykowana jest do modelu T. Proace City Standard z silnikiem 1.5 D do wersji z 1 drzwiami przesuwnymi oraz tylnymi drzwiami skrzyd\u0142owymi. Zabudowa z agregatem podpod\u0142ogowym wymaga demonta\u017cu ko\u0142a zapasowego. Jest kompatybilna z pojazdami bez&hellip;<\/p>\n<p> <a class=\"more-link\" href=\"https:\/\/steeler4x4.com\/konfigurator\/produkt\/izoterma-proace-city-long\/\">Dowiedz si\u0119 wi\u0119cej<\/a><\/p>\n","protected":false},"featured_media":135,"template":"","meta":[],"product_cat":[24],"product_tag":[],"class_list":{"0":"post-106","1":"product","2":"type-product","3":"status-publish","4":"has-post-thumbnail","6":"product_cat-izoterma","8":"first","9":"instock","10":"sold-individually","11":"taxable","12":"shipping-taxable","13":"product-type-simple"},"_links":{"self":[{"href":"https:\/\/steeler4x4.com\/konfigurator\/wp-json\/wp\/v2\/product\/106","targetHints":{"allow":["GET"]}}],"collection":[{"href":"https:\/\/steeler4x4.com\/konfigurator\/wp-json\/wp\/v2\/product"}],"about":[{"href":"https:\/\/steeler4x4.com\/konfigurator\/wp-json\/wp\/v2\/types\/product"}],"wp:featuredmedia":[{"embeddable":true,"href":"https:\/\/steeler4x4.com\/konfigurator\/wp-json\/wp\/v2\/media\/135"}],"wp:attachment":[{"href":"https:\/\/steeler4x4.com\/konfigurator\/wp-json\/wp\/v2\/media?parent=106"}],"wp:term":[{"taxonomy":"product_cat","embeddable":true,"href":"https:\/\/steeler4x4.com\/konfigurator\/wp-json\/wp\/v2\/product_cat?post=106"},{"taxonomy":"product_tag","embeddable":true,"href":"https:\/\/steeler4x4.com\/konfigurator\/wp-json\/wp\/v2\/product_tag?post=106"}],"curies":[{"name":"wp","href":"https:\/\/api.w.org\/{rel}","templated":true}]}}