{"id":52,"date":"2024-07-23T11:47:33","date_gmt":"2024-07-23T09:47:33","guid":{"rendered":"https:\/\/steeler4x4.com\/conf9595igurator\/?page_id=52"},"modified":"2025-10-29T21:03:31","modified_gmt":"2025-10-29T20:03:31","slug":"konfigurator-strona-glowna","status":"publish","type":"page","link":"https:\/\/steeler4x4.com\/konfigurator\/","title":{"rendered":"Konfigurator &#8211; strona g\u0142\u00f3wna"},"content":{"rendered":"\t\t<div data-elementor-type=\"wp-page\" data-elementor-id=\"52\" class=\"elementor elementor-52\" data-elementor-post-type=\"page\">\n\t\t\t\t<div class=\"elementor-element elementor-element-e4ed0f4 e-con-full e-flex e-con e-parent\" data-id=\"e4ed0f4\" data-element_type=\"container\" data-settings=\"{&quot;background_background&quot;:&quot;classic&quot;}\">\n\t\t\t\t<div class=\"elementor-element elementor-element-82bc944 elementor-widget elementor-widget-heading\" data-id=\"82bc944\" data-element_type=\"widget\" data-widget_type=\"heading.default\">\n\t\t\t\t<div class=\"elementor-widget-container\">\n\t\t\t<style>\/*! elementor - v3.21.0 - 08-05-2024 *\/\n.elementor-heading-title{padding:0;margin:0;line-height:1}.elementor-widget-heading .elementor-heading-title[class*=elementor-size-]>a{color:inherit;font-size:inherit;line-height:inherit}.elementor-widget-heading .elementor-heading-title.elementor-size-small{font-size:15px}.elementor-widget-heading .elementor-heading-title.elementor-size-medium{font-size:19px}.elementor-widget-heading .elementor-heading-title.elementor-size-large{font-size:29px}.elementor-widget-heading .elementor-heading-title.elementor-size-xl{font-size:39px}.elementor-widget-heading .elementor-heading-title.elementor-size-xxl{font-size:59px}<\/style><h2 class=\"elementor-heading-title elementor-size-default\">KONFIGURATOR zABUD\u00d3W<\/h2>\t\t<\/div>\n\t\t\t\t<\/div>\n\t\t\t\t<div class=\"elementor-element elementor-element-05ee086 elementor-widget elementor-widget-heading\" data-id=\"05ee086\" data-element_type=\"widget\" data-widget_type=\"heading.default\">\n\t\t\t\t<div class=\"elementor-widget-container\">\n\t\t\t<h5 class=\"elementor-heading-title elementor-size-default\">Wybierz pojazd bazowy i stw\u00f3rz najlepsz\u0105 konfiguracj\u0119<\/h5>\t\t<\/div>\n\t\t\t\t<\/div>\n\t\t<div class=\"elementor-element elementor-element-6ba3032 e-con-full e-flex e-con e-child\" data-id=\"6ba3032\" data-element_type=\"container\">\n\t\t\t\t<div class=\"elementor-element elementor-element-3b93d90 elementor-widget-tablet__width-initial elementor-widget-mobile__width-inherit elementor-widget__width-initial elementor-position-top elementor-widget elementor-widget-image-box\" data-id=\"3b93d90\" data-element_type=\"widget\" data-widget_type=\"image-box.default\">\n\t\t\t\t<div class=\"elementor-widget-container\">\n\t\t\t<style>\/*! elementor - v3.21.0 - 08-05-2024 *\/\n.elementor-widget-image-box .elementor-image-box-content{width:100%}@media (min-width:768px){.elementor-widget-image-box.elementor-position-left .elementor-image-box-wrapper,.elementor-widget-image-box.elementor-position-right .elementor-image-box-wrapper{display:flex}.elementor-widget-image-box.elementor-position-right .elementor-image-box-wrapper{text-align:end;flex-direction:row-reverse}.elementor-widget-image-box.elementor-position-left .elementor-image-box-wrapper{text-align:start;flex-direction:row}.elementor-widget-image-box.elementor-position-top .elementor-image-box-img{margin:auto}.elementor-widget-image-box.elementor-vertical-align-top .elementor-image-box-wrapper{align-items:flex-start}.elementor-widget-image-box.elementor-vertical-align-middle .elementor-image-box-wrapper{align-items:center}.elementor-widget-image-box.elementor-vertical-align-bottom .elementor-image-box-wrapper{align-items:flex-end}}@media (max-width:767px){.elementor-widget-image-box .elementor-image-box-img{margin-left:auto!important;margin-right:auto!important;margin-bottom:15px}}.elementor-widget-image-box .elementor-image-box-img{display:inline-block}.elementor-widget-image-box .elementor-image-box-title a{color:inherit}.elementor-widget-image-box .elementor-image-box-wrapper{text-align:center}.elementor-widget-image-box .elementor-image-box-description{margin:0}<\/style><div class=\"elementor-image-box-wrapper\"><figure class=\"elementor-image-box-img\"><a href=\"https:\/\/steeler4x4.com\/konfigurator\/laweta\/\" tabindex=\"-1\"><img fetchpriority=\"high\" decoding=\"async\" width=\"1200\" height=\"800\" src=\"https:\/\/steeler4x4.com\/konfigurator\/wp-content\/uploads\/2025\/10\/laweta.jpg\" class=\"elementor-animation-grow attachment-full size-full wp-image-1482\" alt=\"\" srcset=\"https:\/\/steeler4x4.com\/konfigurator\/wp-content\/uploads\/2025\/10\/laweta.jpg 1200w, https:\/\/steeler4x4.com\/konfigurator\/wp-content\/uploads\/2025\/10\/laweta-300x200.jpg 300w, https:\/\/steeler4x4.com\/konfigurator\/wp-content\/uploads\/2025\/10\/laweta-1024x683.jpg 1024w, https:\/\/steeler4x4.com\/konfigurator\/wp-content\/uploads\/2025\/10\/laweta-768x512.jpg 768w, https:\/\/steeler4x4.com\/konfigurator\/wp-content\/uploads\/2025\/10\/laweta-600x400.jpg 600w\" sizes=\"(max-width: 1200px) 100vw, 1200px\" \/><\/a><\/figure><div class=\"elementor-image-box-content\"><h1 class=\"elementor-image-box-title\"><a href=\"https:\/\/steeler4x4.com\/konfigurator\/laweta\/\">LAWETA<\/a><\/h1><\/div><\/div>\t\t<\/div>\n\t\t\t\t<\/div>\n\t\t\t\t<div class=\"elementor-element elementor-element-61ebc78 elementor-widget-tablet__width-initial elementor-widget-mobile__width-inherit elementor-widget__width-initial elementor-position-top elementor-widget elementor-widget-image-box\" data-id=\"61ebc78\" data-element_type=\"widget\" data-widget_type=\"image-box.default\">\n\t\t\t\t<div class=\"elementor-widget-container\">\n\t\t\t<div class=\"elementor-image-box-wrapper\"><figure class=\"elementor-image-box-img\"><a href=\"https:\/\/steeler4x4.com\/konfigurator\/zabudowa-kontenerowa\/\" tabindex=\"-1\"><img decoding=\"async\" width=\"1200\" height=\"800\" src=\"https:\/\/steeler4x4.com\/konfigurator\/wp-content\/uploads\/2025\/10\/kontener.jpg\" class=\"elementor-animation-grow attachment-full size-full wp-image-1481\" alt=\"\" srcset=\"https:\/\/steeler4x4.com\/konfigurator\/wp-content\/uploads\/2025\/10\/kontener.jpg 1200w, https:\/\/steeler4x4.com\/konfigurator\/wp-content\/uploads\/2025\/10\/kontener-300x200.jpg 300w, https:\/\/steeler4x4.com\/konfigurator\/wp-content\/uploads\/2025\/10\/kontener-1024x683.jpg 1024w, https:\/\/steeler4x4.com\/konfigurator\/wp-content\/uploads\/2025\/10\/kontener-768x512.jpg 768w, https:\/\/steeler4x4.com\/konfigurator\/wp-content\/uploads\/2025\/10\/kontener-600x400.jpg 600w\" sizes=\"(max-width: 1200px) 100vw, 1200px\" \/><\/a><\/figure><div class=\"elementor-image-box-content\"><h1 class=\"elementor-image-box-title\"><a href=\"https:\/\/steeler4x4.com\/konfigurator\/zabudowa-kontenerowa\/\">ZABUDOWA KONTENEROWA<\/a><\/h1><\/div><\/div>\t\t<\/div>\n\t\t\t\t<\/div>\n\t\t\t\t<div class=\"elementor-element elementor-element-acd95f2 elementor-widget-tablet__width-initial elementor-widget-mobile__width-inherit elementor-widget__width-initial elementor-position-top elementor-widget elementor-widget-image-box\" data-id=\"acd95f2\" data-element_type=\"widget\" data-widget_type=\"image-box.default\">\n\t\t\t\t<div class=\"elementor-widget-container\">\n\t\t\t<div class=\"elementor-image-box-wrapper\"><figure class=\"elementor-image-box-img\"><a href=\"https:\/\/steeler4x4.com\/konfigurator\/skrzynia-otwarta\/\" tabindex=\"-1\"><img decoding=\"async\" width=\"1200\" height=\"800\" src=\"https:\/\/steeler4x4.com\/konfigurator\/wp-content\/uploads\/2025\/10\/skrzynia_otwarta.jpg\" class=\"elementor-animation-grow attachment-full size-full wp-image-1484\" alt=\"\" srcset=\"https:\/\/steeler4x4.com\/konfigurator\/wp-content\/uploads\/2025\/10\/skrzynia_otwarta.jpg 1200w, https:\/\/steeler4x4.com\/konfigurator\/wp-content\/uploads\/2025\/10\/skrzynia_otwarta-300x200.jpg 300w, https:\/\/steeler4x4.com\/konfigurator\/wp-content\/uploads\/2025\/10\/skrzynia_otwarta-1024x683.jpg 1024w, https:\/\/steeler4x4.com\/konfigurator\/wp-content\/uploads\/2025\/10\/skrzynia_otwarta-768x512.jpg 768w, https:\/\/steeler4x4.com\/konfigurator\/wp-content\/uploads\/2025\/10\/skrzynia_otwarta-600x400.jpg 600w\" sizes=\"(max-width: 1200px) 100vw, 1200px\" \/><\/a><\/figure><div class=\"elementor-image-box-content\"><h1 class=\"elementor-image-box-title\"><a href=\"https:\/\/steeler4x4.com\/konfigurator\/skrzynia-otwarta\/\">SKRZYNIA OTWARTA<\/a><\/h1><\/div><\/div>\t\t<\/div>\n\t\t\t\t<\/div>\n\t\t\t\t<div class=\"elementor-element elementor-element-0e26bd7 elementor-widget-tablet__width-initial elementor-widget-mobile__width-inherit elementor-widget__width-initial elementor-position-top elementor-widget elementor-widget-image-box\" data-id=\"0e26bd7\" data-element_type=\"widget\" data-widget_type=\"image-box.default\">\n\t\t\t\t<div class=\"elementor-widget-container\">\n\t\t\t<div class=\"elementor-image-box-wrapper\"><figure class=\"elementor-image-box-img\"><a href=\"https:\/\/steeler4x4.com\/konfigurator\/plandeka\/\" tabindex=\"-1\"><img loading=\"lazy\" decoding=\"async\" width=\"1200\" height=\"800\" src=\"https:\/\/steeler4x4.com\/konfigurator\/wp-content\/uploads\/2025\/10\/plandeka.jpg\" class=\"elementor-animation-grow attachment-full size-full wp-image-1483\" alt=\"\" srcset=\"https:\/\/steeler4x4.com\/konfigurator\/wp-content\/uploads\/2025\/10\/plandeka.jpg 1200w, https:\/\/steeler4x4.com\/konfigurator\/wp-content\/uploads\/2025\/10\/plandeka-300x200.jpg 300w, https:\/\/steeler4x4.com\/konfigurator\/wp-content\/uploads\/2025\/10\/plandeka-1024x683.jpg 1024w, https:\/\/steeler4x4.com\/konfigurator\/wp-content\/uploads\/2025\/10\/plandeka-768x512.jpg 768w, https:\/\/steeler4x4.com\/konfigurator\/wp-content\/uploads\/2025\/10\/plandeka-600x400.jpg 600w\" sizes=\"(max-width: 1200px) 100vw, 1200px\" \/><\/a><\/figure><div class=\"elementor-image-box-content\"><h1 class=\"elementor-image-box-title\"><a href=\"https:\/\/steeler4x4.com\/konfigurator\/plandeka\/\">PLANDEKA<\/a><\/h1><\/div><\/div>\t\t<\/div>\n\t\t\t\t<\/div>\n\t\t\t\t<div class=\"elementor-element elementor-element-047cce5 elementor-widget-tablet__width-initial elementor-widget-mobile__width-inherit elementor-widget__width-initial elementor-position-top elementor-widget elementor-widget-image-box\" data-id=\"047cce5\" data-element_type=\"widget\" data-widget_type=\"image-box.default\">\n\t\t\t\t<div class=\"elementor-widget-container\">\n\t\t\t<div class=\"elementor-image-box-wrapper\"><figure class=\"elementor-image-box-img\"><a href=\"https:\/\/steeler4x4.com\/konfigurator\/wywrotka\/\" tabindex=\"-1\"><img loading=\"lazy\" decoding=\"async\" width=\"1200\" height=\"800\" src=\"https:\/\/steeler4x4.com\/konfigurator\/wp-content\/uploads\/2025\/10\/wywrotka.jpg\" class=\"elementor-animation-grow attachment-full size-full wp-image-1496\" alt=\"\" srcset=\"https:\/\/steeler4x4.com\/konfigurator\/wp-content\/uploads\/2025\/10\/wywrotka.jpg 1200w, https:\/\/steeler4x4.com\/konfigurator\/wp-content\/uploads\/2025\/10\/wywrotka-300x200.jpg 300w, https:\/\/steeler4x4.com\/konfigurator\/wp-content\/uploads\/2025\/10\/wywrotka-1024x683.jpg 1024w, https:\/\/steeler4x4.com\/konfigurator\/wp-content\/uploads\/2025\/10\/wywrotka-768x512.jpg 768w, https:\/\/steeler4x4.com\/konfigurator\/wp-content\/uploads\/2025\/10\/wywrotka-600x400.jpg 600w\" sizes=\"(max-width: 1200px) 100vw, 1200px\" \/><\/a><\/figure><div class=\"elementor-image-box-content\"><h1 class=\"elementor-image-box-title\"><a href=\"https:\/\/steeler4x4.com\/konfigurator\/wywrotka\/\">WYWROTKA<\/a><\/h1><\/div><\/div>\t\t<\/div>\n\t\t\t\t<\/div>\n\t\t\t\t<\/div>\n\t\t<div class=\"elementor-element elementor-element-ac7afc0 e-con-full e-flex e-con e-child\" data-id=\"ac7afc0\" data-element_type=\"container\">\n\t\t<div class=\"elementor-element elementor-element-104f791 e-con-full e-flex e-con e-child\" data-id=\"104f791\" data-element_type=\"container\">\n\t\t\t\t<div class=\"elementor-element elementor-element-60e970f elementor-widget-tablet__width-initial elementor-widget-mobile__width-inherit elementor-widget__width-initial elementor-position-top elementor-widget elementor-widget-image-box\" data-id=\"60e970f\" data-element_type=\"widget\" data-widget_type=\"image-box.default\">\n\t\t\t\t<div class=\"elementor-widget-container\">\n\t\t\t<div class=\"elementor-image-box-wrapper\"><figure class=\"elementor-image-box-img\"><a href=\"https:\/\/steeler4x4.com\/konfigurator\/izoterma\/\" tabindex=\"-1\"><img loading=\"lazy\" decoding=\"async\" width=\"1920\" height=\"1080\" src=\"https:\/\/steeler4x4.com\/konfigurator\/wp-content\/uploads\/2024\/07\/Izoterma.jpg\" class=\"elementor-animation-grow attachment-full size-full wp-image-58\" alt=\"\" srcset=\"https:\/\/steeler4x4.com\/konfigurator\/wp-content\/uploads\/2024\/07\/Izoterma.jpg 1920w, https:\/\/steeler4x4.com\/konfigurator\/wp-content\/uploads\/2024\/07\/Izoterma-300x169.jpg 300w, https:\/\/steeler4x4.com\/konfigurator\/wp-content\/uploads\/2024\/07\/Izoterma-1024x576.jpg 1024w, https:\/\/steeler4x4.com\/konfigurator\/wp-content\/uploads\/2024\/07\/Izoterma-768x432.jpg 768w, https:\/\/steeler4x4.com\/konfigurator\/wp-content\/uploads\/2024\/07\/Izoterma-1536x864.jpg 1536w, https:\/\/steeler4x4.com\/konfigurator\/wp-content\/uploads\/2024\/07\/Izoterma-600x338.jpg 600w\" sizes=\"(max-width: 1920px) 100vw, 1920px\" \/><\/a><\/figure><div class=\"elementor-image-box-content\"><h1 class=\"elementor-image-box-title\"><a href=\"https:\/\/steeler4x4.com\/konfigurator\/izoterma\/\">IZOTERMA<\/a><\/h1><\/div><\/div>\t\t<\/div>\n\t\t\t\t<\/div>\n\t\t\t\t<div class=\"elementor-element elementor-element-0308803 elementor-widget-tablet__width-initial elementor-widget-mobile__width-inherit elementor-widget__width-initial elementor-position-top elementor-widget elementor-widget-image-box\" data-id=\"0308803\" data-element_type=\"widget\" data-widget_type=\"image-box.default\">\n\t\t\t\t<div class=\"elementor-widget-container\">\n\t\t\t<div class=\"elementor-image-box-wrapper\"><figure class=\"elementor-image-box-img\"><a href=\"https:\/\/steeler4x4.com\/konfigurator\/pojazdy-dla-niepelnosprawnych\/\" tabindex=\"-1\"><img loading=\"lazy\" decoding=\"async\" width=\"1920\" height=\"1080\" src=\"https:\/\/steeler4x4.com\/konfigurator\/wp-content\/uploads\/2024\/07\/Pojazdy-dla-niepelnosprawnych.jpg\" class=\"elementor-animation-grow attachment-full size-full wp-image-59\" alt=\"\" srcset=\"https:\/\/steeler4x4.com\/konfigurator\/wp-content\/uploads\/2024\/07\/Pojazdy-dla-niepelnosprawnych.jpg 1920w, https:\/\/steeler4x4.com\/konfigurator\/wp-content\/uploads\/2024\/07\/Pojazdy-dla-niepelnosprawnych-300x169.jpg 300w, https:\/\/steeler4x4.com\/konfigurator\/wp-content\/uploads\/2024\/07\/Pojazdy-dla-niepelnosprawnych-1024x576.jpg 1024w, https:\/\/steeler4x4.com\/konfigurator\/wp-content\/uploads\/2024\/07\/Pojazdy-dla-niepelnosprawnych-768x432.jpg 768w, https:\/\/steeler4x4.com\/konfigurator\/wp-content\/uploads\/2024\/07\/Pojazdy-dla-niepelnosprawnych-1536x864.jpg 1536w, https:\/\/steeler4x4.com\/konfigurator\/wp-content\/uploads\/2024\/07\/Pojazdy-dla-niepelnosprawnych-600x338.jpg 600w\" sizes=\"(max-width: 1920px) 100vw, 1920px\" \/><\/a><\/figure><div class=\"elementor-image-box-content\"><h1 class=\"elementor-image-box-title\"><a href=\"https:\/\/steeler4x4.com\/konfigurator\/pojazdy-dla-niepelnosprawnych\/\">POJAZDY DLA NIEPE\u0141NOSPRAWNYCH<\/a><\/h1><\/div><\/div>\t\t<\/div>\n\t\t\t\t<\/div>\n\t\t\t\t<div class=\"elementor-element elementor-element-1beac6a elementor-widget-tablet__width-initial elementor-widget-mobile__width-inherit elementor-widget__width-initial elementor-position-top elementor-widget elementor-widget-image-box\" data-id=\"1beac6a\" data-element_type=\"widget\" data-widget_type=\"image-box.default\">\n\t\t\t\t<div class=\"elementor-widget-container\">\n\t\t\t<div class=\"elementor-image-box-wrapper\"><figure class=\"elementor-image-box-img\"><a href=\"https:\/\/steeler4x4.com\/konfigurator\/zabudowa-serwisowa\/\" tabindex=\"-1\"><img loading=\"lazy\" decoding=\"async\" width=\"1920\" height=\"1080\" src=\"https:\/\/steeler4x4.com\/konfigurator\/wp-content\/uploads\/2024\/07\/zabudowa_serwisowa.jpg\" class=\"elementor-animation-grow attachment-full size-full wp-image-60\" alt=\"\" srcset=\"https:\/\/steeler4x4.com\/konfigurator\/wp-content\/uploads\/2024\/07\/zabudowa_serwisowa.jpg 1920w, https:\/\/steeler4x4.com\/konfigurator\/wp-content\/uploads\/2024\/07\/zabudowa_serwisowa-300x169.jpg 300w, https:\/\/steeler4x4.com\/konfigurator\/wp-content\/uploads\/2024\/07\/zabudowa_serwisowa-1024x576.jpg 1024w, https:\/\/steeler4x4.com\/konfigurator\/wp-content\/uploads\/2024\/07\/zabudowa_serwisowa-768x432.jpg 768w, https:\/\/steeler4x4.com\/konfigurator\/wp-content\/uploads\/2024\/07\/zabudowa_serwisowa-1536x864.jpg 1536w, https:\/\/steeler4x4.com\/konfigurator\/wp-content\/uploads\/2024\/07\/zabudowa_serwisowa-600x338.jpg 600w\" sizes=\"(max-width: 1920px) 100vw, 1920px\" \/><\/a><\/figure><div class=\"elementor-image-box-content\"><h1 class=\"elementor-image-box-title\"><a href=\"https:\/\/steeler4x4.com\/konfigurator\/zabudowa-serwisowa\/\">ZABUDOWA SERWISOWA<\/a><\/h1><\/div><\/div>\t\t<\/div>\n\t\t\t\t<\/div>\n\t\t\t\t<div class=\"elementor-element elementor-element-adfdbfa elementor-widget-tablet__width-initial elementor-widget-mobile__width-inherit elementor-widget__width-initial elementor-position-top elementor-widget elementor-widget-image-box\" data-id=\"adfdbfa\" data-element_type=\"widget\" data-widget_type=\"image-box.default\">\n\t\t\t\t<div class=\"elementor-widget-container\">\n\t\t\t<div class=\"elementor-image-box-wrapper\"><figure class=\"elementor-image-box-img\"><a href=\"https:\/\/steeler4x4.com\/konfigurator\/czesci-zamienne\/\" tabindex=\"-1\"><img loading=\"lazy\" decoding=\"async\" width=\"1920\" height=\"1080\" src=\"https:\/\/steeler4x4.com\/konfigurator\/wp-content\/uploads\/2025\/10\/czesci_zamienne.jpg\" class=\"elementor-animation-grow attachment-full size-full wp-image-1503\" alt=\"\" srcset=\"https:\/\/steeler4x4.com\/konfigurator\/wp-content\/uploads\/2025\/10\/czesci_zamienne.jpg 1920w, https:\/\/steeler4x4.com\/konfigurator\/wp-content\/uploads\/2025\/10\/czesci_zamienne-300x169.jpg 300w, https:\/\/steeler4x4.com\/konfigurator\/wp-content\/uploads\/2025\/10\/czesci_zamienne-1024x576.jpg 1024w, https:\/\/steeler4x4.com\/konfigurator\/wp-content\/uploads\/2025\/10\/czesci_zamienne-768x432.jpg 768w, https:\/\/steeler4x4.com\/konfigurator\/wp-content\/uploads\/2025\/10\/czesci_zamienne-1536x864.jpg 1536w, https:\/\/steeler4x4.com\/konfigurator\/wp-content\/uploads\/2025\/10\/czesci_zamienne-600x338.jpg 600w\" sizes=\"(max-width: 1920px) 100vw, 1920px\" \/><\/a><\/figure><div class=\"elementor-image-box-content\"><h1 class=\"elementor-image-box-title\"><a href=\"https:\/\/steeler4x4.com\/konfigurator\/czesci-zamienne\/\">CZ\u0118\u015aCI ZAMIENNE<\/a><\/h1><\/div><\/div>\t\t<\/div>\n\t\t\t\t<\/div>\n\t\t\t\t<\/div>\n\t\t\t\t<\/div>\n\t\t\t\t<\/div>\n\t\t\t\t<\/div>\n\t\t","protected":false},"excerpt":{"rendered":"<p>KONFIGURATOR zABUD\u00d3W Wybierz pojazd bazowy i stw\u00f3rz najlepsz\u0105 konfiguracj\u0119 LAWETA ZABUDOWA KONTENEROWA SKRZYNIA OTWARTA PLANDEKA WYWROTKA IZOTERMA POJAZDY DLA NIEPE\u0141NOSPRAWNYCH ZABUDOWA SERWISOWA CZ\u0118\u015aCI ZAMIENNE<\/p>\n","protected":false},"author":1,"featured_media":0,"parent":0,"menu_order":0,"comment_status":"closed","ping_status":"closed","template":"elementor_header_footer","meta":{"footnotes":""},"class_list":["post-52","page","type-page","status-publish"],"_links":{"self":[{"href":"https:\/\/steeler4x4.com\/konfigurator\/wp-json\/wp\/v2\/pages\/52","targetHints":{"allow":["GET"]}}],"collection":[{"href":"https:\/\/steeler4x4.com\/konfigurator\/wp-json\/wp\/v2\/pages"}],"about":[{"href":"https:\/\/steeler4x4.com\/konfigurator\/wp-json\/wp\/v2\/types\/page"}],"author":[{"embeddable":true,"href":"https:\/\/steeler4x4.com\/konfigurator\/wp-json\/wp\/v2\/users\/1"}],"replies":[{"embeddable":true,"href":"https:\/\/steeler4x4.com\/konfigurator\/wp-json\/wp\/v2\/comments?post=52"}],"version-history":[{"count":166,"href":"https:\/\/steeler4x4.com\/konfigurator\/wp-json\/wp\/v2\/pages\/52\/revisions"}],"predecessor-version":[{"id":1509,"href":"https:\/\/steeler4x4.com\/konfigurator\/wp-json\/wp\/v2\/pages\/52\/revisions\/1509"}],"wp:attachment":[{"href":"https:\/\/steeler4x4.com\/konfigurator\/wp-json\/wp\/v2\/media?parent=52"}],"curies":[{"name":"wp","href":"https:\/\/api.w.org\/{rel}","templated":true}]}}