{"id":458,"date":"2024-07-24T23:29:19","date_gmt":"2024-07-24T21:29:19","guid":{"rendered":"https:\/\/steeler4x4.com\/conf9595igurator\/?page_id=458"},"modified":"2024-08-20T09:48:03","modified_gmt":"2024-08-20T07:48:03","slug":"pojazdy-dla-niepelnosprawnych","status":"publish","type":"page","link":"https:\/\/steeler4x4.com\/konfigurator\/pojazdy-dla-niepelnosprawnych\/","title":{"rendered":"Pojazdy dla niepe\u0142nosprawnych"},"content":{"rendered":"\t\t<div data-elementor-type=\"wp-page\" data-elementor-id=\"458\" class=\"elementor elementor-458\" data-elementor-post-type=\"page\">\n\t\t\t\t<div class=\"elementor-element elementor-element-e4ed0f4 e-con-full e-flex e-con e-parent\" data-id=\"e4ed0f4\" data-element_type=\"container\" data-settings=\"{&quot;background_background&quot;:&quot;classic&quot;}\">\n\t\t\t\t<div class=\"elementor-element elementor-element-82bc944 elementor-widget elementor-widget-heading\" data-id=\"82bc944\" data-element_type=\"widget\" data-widget_type=\"heading.default\">\n\t\t\t\t<div class=\"elementor-widget-container\">\n\t\t\t<style>\/*! elementor - v3.21.0 - 08-05-2024 *\/\n.elementor-heading-title{padding:0;margin:0;line-height:1}.elementor-widget-heading .elementor-heading-title[class*=elementor-size-]>a{color:inherit;font-size:inherit;line-height:inherit}.elementor-widget-heading .elementor-heading-title.elementor-size-small{font-size:15px}.elementor-widget-heading .elementor-heading-title.elementor-size-medium{font-size:19px}.elementor-widget-heading .elementor-heading-title.elementor-size-large{font-size:29px}.elementor-widget-heading .elementor-heading-title.elementor-size-xl{font-size:39px}.elementor-widget-heading .elementor-heading-title.elementor-size-xxl{font-size:59px}<\/style><h2 class=\"elementor-heading-title elementor-size-default\">KONFIGURATOR ZABUD\u00d3W - POJAZDY DLA NIEPE\u0141NOSPRAWNYCH (STEMOBIL)<\/h2>\t\t<\/div>\n\t\t\t\t<\/div>\n\t\t\t\t<div class=\"elementor-element elementor-element-05ee086 elementor-widget elementor-widget-heading\" data-id=\"05ee086\" data-element_type=\"widget\" data-widget_type=\"heading.default\">\n\t\t\t\t<div class=\"elementor-widget-container\">\n\t\t\t<h5 class=\"elementor-heading-title elementor-size-default\">Wybierz pojazd bazowy i stw\u00f3rz najlepsz\u0105 konfiguracj\u0119<\/h5>\t\t<\/div>\n\t\t\t\t<\/div>\n\t\t\t\t<\/div>\n\t\t<div class=\"elementor-element elementor-element-aadfcaf e-con-full e-flex e-con e-parent\" data-id=\"aadfcaf\" data-element_type=\"container\">\n\t\t<div class=\"elementor-element elementor-element-95ec1ff e-flex e-con-boxed e-con e-child\" data-id=\"95ec1ff\" data-element_type=\"container\">\n\t\t\t\t\t<div class=\"e-con-inner\">\n\t\t<div class=\"elementor-element elementor-element-ad20fb0 e-con-full e-flex e-con e-child\" data-id=\"ad20fb0\" data-element_type=\"container\">\n\t\t\t\t<div class=\"elementor-element elementor-element-bae1179 elementor-widget-tablet__width-initial elementor-widget-mobile__width-inherit elementor-widget__width-initial elementor-position-top elementor-widget elementor-widget-image-box\" data-id=\"bae1179\" data-element_type=\"widget\" data-widget_type=\"image-box.default\">\n\t\t\t\t<div class=\"elementor-widget-container\">\n\t\t\t<style>\/*! elementor - v3.21.0 - 08-05-2024 *\/\n.elementor-widget-image-box .elementor-image-box-content{width:100%}@media (min-width:768px){.elementor-widget-image-box.elementor-position-left .elementor-image-box-wrapper,.elementor-widget-image-box.elementor-position-right .elementor-image-box-wrapper{display:flex}.elementor-widget-image-box.elementor-position-right .elementor-image-box-wrapper{text-align:end;flex-direction:row-reverse}.elementor-widget-image-box.elementor-position-left .elementor-image-box-wrapper{text-align:start;flex-direction:row}.elementor-widget-image-box.elementor-position-top .elementor-image-box-img{margin:auto}.elementor-widget-image-box.elementor-vertical-align-top .elementor-image-box-wrapper{align-items:flex-start}.elementor-widget-image-box.elementor-vertical-align-middle .elementor-image-box-wrapper{align-items:center}.elementor-widget-image-box.elementor-vertical-align-bottom .elementor-image-box-wrapper{align-items:flex-end}}@media (max-width:767px){.elementor-widget-image-box .elementor-image-box-img{margin-left:auto!important;margin-right:auto!important;margin-bottom:15px}}.elementor-widget-image-box .elementor-image-box-img{display:inline-block}.elementor-widget-image-box .elementor-image-box-title a{color:inherit}.elementor-widget-image-box .elementor-image-box-wrapper{text-align:center}.elementor-widget-image-box .elementor-image-box-description{margin:0}<\/style><div class=\"elementor-image-box-wrapper\"><figure class=\"elementor-image-box-img\"><a href=\"https:\/\/steeler4x4.com\/konfigurator\/produkt\/pojazdy-dla-niepelnosprawnych-proace-city-standard\/\" tabindex=\"-1\"><img fetchpriority=\"high\" decoding=\"async\" width=\"1064\" height=\"662\" src=\"https:\/\/steeler4x4.com\/konfigurator\/wp-content\/uploads\/2024\/07\/ProAce-City-L1.jpg\" class=\"elementor-animation-grow attachment-full size-full wp-image-451\" alt=\"\" srcset=\"https:\/\/steeler4x4.com\/konfigurator\/wp-content\/uploads\/2024\/07\/ProAce-City-L1.jpg 1064w, https:\/\/steeler4x4.com\/konfigurator\/wp-content\/uploads\/2024\/07\/ProAce-City-L1-300x187.jpg 300w, https:\/\/steeler4x4.com\/konfigurator\/wp-content\/uploads\/2024\/07\/ProAce-City-L1-1024x637.jpg 1024w, https:\/\/steeler4x4.com\/konfigurator\/wp-content\/uploads\/2024\/07\/ProAce-City-L1-768x478.jpg 768w, https:\/\/steeler4x4.com\/konfigurator\/wp-content\/uploads\/2024\/07\/ProAce-City-L1-600x373.jpg 600w\" sizes=\"(max-width: 1064px) 100vw, 1064px\" \/><\/a><\/figure><div class=\"elementor-image-box-content\"><p class=\"elementor-image-box-description\"><a href=\"\/konfigurator\/produkt\/pojazdy-dla-niepelnosprawnych-proace-city-standard\/\">ProAce City Standard<\/a><\/p><\/div><\/div>\t\t<\/div>\n\t\t\t\t<\/div>\n\t\t\t\t<div class=\"elementor-element elementor-element-8ebf050 elementor-widget-tablet__width-initial elementor-widget-mobile__width-inherit elementor-widget__width-initial elementor-position-top elementor-widget elementor-widget-image-box\" data-id=\"8ebf050\" data-element_type=\"widget\" data-widget_type=\"image-box.default\">\n\t\t\t\t<div class=\"elementor-widget-container\">\n\t\t\t<div class=\"elementor-image-box-wrapper\"><figure class=\"elementor-image-box-img\"><a href=\"https:\/\/steeler4x4.com\/konfigurator\/produkt\/pojazdy-dla-niepelnosprawnych-proace-city-long\/\" tabindex=\"-1\"><img decoding=\"async\" width=\"1064\" height=\"662\" src=\"https:\/\/steeler4x4.com\/konfigurator\/wp-content\/uploads\/2024\/07\/ProAce-City-L2.jpg\" class=\"elementor-animation-grow attachment-full size-full wp-image-452\" alt=\"\" srcset=\"https:\/\/steeler4x4.com\/konfigurator\/wp-content\/uploads\/2024\/07\/ProAce-City-L2.jpg 1064w, https:\/\/steeler4x4.com\/konfigurator\/wp-content\/uploads\/2024\/07\/ProAce-City-L2-300x187.jpg 300w, https:\/\/steeler4x4.com\/konfigurator\/wp-content\/uploads\/2024\/07\/ProAce-City-L2-1024x637.jpg 1024w, https:\/\/steeler4x4.com\/konfigurator\/wp-content\/uploads\/2024\/07\/ProAce-City-L2-768x478.jpg 768w, https:\/\/steeler4x4.com\/konfigurator\/wp-content\/uploads\/2024\/07\/ProAce-City-L2-600x373.jpg 600w\" sizes=\"(max-width: 1064px) 100vw, 1064px\" \/><\/a><\/figure><div class=\"elementor-image-box-content\"><p class=\"elementor-image-box-description\"><a href=\"\/konfigurator\/produkt\/pojazdy-dla-niepelnosprawnych-proace-city-long\/\">ProAce City Long<\/a><\/p><\/div><\/div>\t\t<\/div>\n\t\t\t\t<\/div>\n\t\t\t\t<div class=\"elementor-element elementor-element-e194bb1 elementor-widget-tablet__width-initial elementor-widget-mobile__width-inherit elementor-widget__width-initial elementor-position-top elementor-widget elementor-widget-image-box\" data-id=\"e194bb1\" data-element_type=\"widget\" data-widget_type=\"image-box.default\">\n\t\t\t\t<div class=\"elementor-widget-container\">\n\t\t\t<div class=\"elementor-image-box-wrapper\"><figure class=\"elementor-image-box-img\"><img decoding=\"async\" width=\"1200\" height=\"800\" src=\"https:\/\/steeler4x4.com\/konfigurator\/wp-content\/uploads\/2024\/08\/stemobil-proace-max-wkrotce.jpg\" class=\"elementor-animation-grow attachment-full size-full wp-image-954\" alt=\"\" srcset=\"https:\/\/steeler4x4.com\/konfigurator\/wp-content\/uploads\/2024\/08\/stemobil-proace-max-wkrotce.jpg 1200w, https:\/\/steeler4x4.com\/konfigurator\/wp-content\/uploads\/2024\/08\/stemobil-proace-max-wkrotce-300x200.jpg 300w, https:\/\/steeler4x4.com\/konfigurator\/wp-content\/uploads\/2024\/08\/stemobil-proace-max-wkrotce-1024x683.jpg 1024w, https:\/\/steeler4x4.com\/konfigurator\/wp-content\/uploads\/2024\/08\/stemobil-proace-max-wkrotce-768x512.jpg 768w, https:\/\/steeler4x4.com\/konfigurator\/wp-content\/uploads\/2024\/08\/stemobil-proace-max-wkrotce-600x400.jpg 600w\" sizes=\"(max-width: 1200px) 100vw, 1200px\" \/><\/figure><div class=\"elementor-image-box-content\"><p class=\"elementor-image-box-description\">ProAce Max L2<\/p><\/div><\/div>\t\t<\/div>\n\t\t\t\t<\/div>\n\t\t\t\t<div class=\"elementor-element elementor-element-ccd3106 elementor-widget-tablet__width-initial elementor-widget-mobile__width-inherit elementor-widget__width-initial elementor-position-top elementor-widget elementor-widget-image-box\" data-id=\"ccd3106\" data-element_type=\"widget\" data-widget_type=\"image-box.default\">\n\t\t\t\t<div class=\"elementor-widget-container\">\n\t\t\t<div class=\"elementor-image-box-wrapper\"><figure class=\"elementor-image-box-img\"><img decoding=\"async\" width=\"1200\" height=\"800\" src=\"https:\/\/steeler4x4.com\/konfigurator\/wp-content\/uploads\/2024\/08\/stemobil-proace-max-wkrotce.jpg\" class=\"elementor-animation-grow attachment-full size-full wp-image-954\" alt=\"\" srcset=\"https:\/\/steeler4x4.com\/konfigurator\/wp-content\/uploads\/2024\/08\/stemobil-proace-max-wkrotce.jpg 1200w, https:\/\/steeler4x4.com\/konfigurator\/wp-content\/uploads\/2024\/08\/stemobil-proace-max-wkrotce-300x200.jpg 300w, https:\/\/steeler4x4.com\/konfigurator\/wp-content\/uploads\/2024\/08\/stemobil-proace-max-wkrotce-1024x683.jpg 1024w, https:\/\/steeler4x4.com\/konfigurator\/wp-content\/uploads\/2024\/08\/stemobil-proace-max-wkrotce-768x512.jpg 768w, https:\/\/steeler4x4.com\/konfigurator\/wp-content\/uploads\/2024\/08\/stemobil-proace-max-wkrotce-600x400.jpg 600w\" sizes=\"(max-width: 1200px) 100vw, 1200px\" \/><\/figure><div class=\"elementor-image-box-content\"><p class=\"elementor-image-box-description\">ProAce Max L3<\/p><\/div><\/div>\t\t<\/div>\n\t\t\t\t<\/div>\n\t\t\t\t<div class=\"elementor-element elementor-element-78a5b12 elementor-widget-tablet__width-initial elementor-widget-mobile__width-inherit elementor-widget__width-initial elementor-position-top elementor-widget elementor-widget-image-box\" data-id=\"78a5b12\" data-element_type=\"widget\" data-widget_type=\"image-box.default\">\n\t\t\t\t<div class=\"elementor-widget-container\">\n\t\t\t<div class=\"elementor-image-box-wrapper\"><figure class=\"elementor-image-box-img\"><img decoding=\"async\" width=\"1200\" height=\"800\" src=\"https:\/\/steeler4x4.com\/konfigurator\/wp-content\/uploads\/2024\/08\/stemobil-proace-max-wkrotce.jpg\" class=\"elementor-animation-grow attachment-full size-full wp-image-954\" alt=\"\" srcset=\"https:\/\/steeler4x4.com\/konfigurator\/wp-content\/uploads\/2024\/08\/stemobil-proace-max-wkrotce.jpg 1200w, https:\/\/steeler4x4.com\/konfigurator\/wp-content\/uploads\/2024\/08\/stemobil-proace-max-wkrotce-300x200.jpg 300w, https:\/\/steeler4x4.com\/konfigurator\/wp-content\/uploads\/2024\/08\/stemobil-proace-max-wkrotce-1024x683.jpg 1024w, https:\/\/steeler4x4.com\/konfigurator\/wp-content\/uploads\/2024\/08\/stemobil-proace-max-wkrotce-768x512.jpg 768w, https:\/\/steeler4x4.com\/konfigurator\/wp-content\/uploads\/2024\/08\/stemobil-proace-max-wkrotce-600x400.jpg 600w\" sizes=\"(max-width: 1200px) 100vw, 1200px\" \/><\/figure><div class=\"elementor-image-box-content\"><p class=\"elementor-image-box-description\">ProAce Max L4<\/p><\/div><\/div>\t\t<\/div>\n\t\t\t\t<\/div>\n\t\t\t\t<\/div>\n\t\t\t\t\t<\/div>\n\t\t\t\t<\/div>\n\t\t\t\t<\/div>\n\t\t\t\t<\/div>\n\t\t","protected":false},"excerpt":{"rendered":"<p>KONFIGURATOR ZABUD\u00d3W &#8211; POJAZDY DLA NIEPE\u0141NOSPRAWNYCH (STEMOBIL) Wybierz pojazd bazowy i stw\u00f3rz najlepsz\u0105 konfiguracj\u0119 ProAce City Standard ProAce City Long ProAce Max L2 ProAce Max L3 ProAce Max L4<\/p>\n","protected":false},"author":1,"featured_media":0,"parent":0,"menu_order":0,"comment_status":"closed","ping_status":"closed","template":"elementor_header_footer","meta":{"footnotes":""},"class_list":["post-458","page","type-page","status-publish"],"_links":{"self":[{"href":"https:\/\/steeler4x4.com\/konfigurator\/wp-json\/wp\/v2\/pages\/458","targetHints":{"allow":["GET"]}}],"collection":[{"href":"https:\/\/steeler4x4.com\/konfigurator\/wp-json\/wp\/v2\/pages"}],"about":[{"href":"https:\/\/steeler4x4.com\/konfigurator\/wp-json\/wp\/v2\/types\/page"}],"author":[{"embeddable":true,"href":"https:\/\/steeler4x4.com\/konfigurator\/wp-json\/wp\/v2\/users\/1"}],"replies":[{"embeddable":true,"href":"https:\/\/steeler4x4.com\/konfigurator\/wp-json\/wp\/v2\/comments?post=458"}],"version-history":[{"count":19,"href":"https:\/\/steeler4x4.com\/konfigurator\/wp-json\/wp\/v2\/pages\/458\/revisions"}],"predecessor-version":[{"id":961,"href":"https:\/\/steeler4x4.com\/konfigurator\/wp-json\/wp\/v2\/pages\/458\/revisions\/961"}],"wp:attachment":[{"href":"https:\/\/steeler4x4.com\/konfigurator\/wp-json\/wp\/v2\/media?parent=458"}],"curies":[{"name":"wp","href":"https:\/\/api.w.org\/{rel}","templated":true}]}}