{"id":1302,"date":"2025-10-02T09:58:07","date_gmt":"2025-10-02T07:58:07","guid":{"rendered":"https:\/\/steeler4x4.com\/konfigurator\/?page_id=1302"},"modified":"2025-10-28T15:20:22","modified_gmt":"2025-10-28T14:20:22","slug":"czesci-zamienne","status":"publish","type":"page","link":"https:\/\/steeler4x4.com\/konfigurator\/czesci-zamienne\/","title":{"rendered":"Cz\u0119\u015bci zamienne"},"content":{"rendered":"\t\t<div data-elementor-type=\"wp-page\" data-elementor-id=\"1302\" class=\"elementor elementor-1302\" data-elementor-post-type=\"page\">\n\t\t\t\t<div class=\"elementor-element elementor-element-e4ed0f4 e-con-full e-flex e-con e-parent\" data-id=\"e4ed0f4\" data-element_type=\"container\" data-settings=\"{&quot;background_background&quot;:&quot;classic&quot;}\">\n\t\t\t\t<div class=\"elementor-element elementor-element-82bc944 elementor-widget elementor-widget-heading\" data-id=\"82bc944\" data-element_type=\"widget\" data-widget_type=\"heading.default\">\n\t\t\t\t<div class=\"elementor-widget-container\">\n\t\t\t<style>\/*! elementor - v3.21.0 - 08-05-2024 *\/\n.elementor-heading-title{padding:0;margin:0;line-height:1}.elementor-widget-heading .elementor-heading-title[class*=elementor-size-]>a{color:inherit;font-size:inherit;line-height:inherit}.elementor-widget-heading .elementor-heading-title.elementor-size-small{font-size:15px}.elementor-widget-heading .elementor-heading-title.elementor-size-medium{font-size:19px}.elementor-widget-heading .elementor-heading-title.elementor-size-large{font-size:29px}.elementor-widget-heading .elementor-heading-title.elementor-size-xl{font-size:39px}.elementor-widget-heading .elementor-heading-title.elementor-size-xxl{font-size:59px}<\/style><h2 class=\"elementor-heading-title elementor-size-default\">CZ\u0118\u015aCI ZAMIENNE<\/h2>\t\t<\/div>\n\t\t\t\t<\/div>\n\t\t\t\t<\/div>\n\t\t<div class=\"elementor-element elementor-element-58f1429 e-con-full e-flex e-con e-parent\" data-id=\"58f1429\" data-element_type=\"container\" data-settings=\"{&quot;background_background&quot;:&quot;classic&quot;}\">\n\t\t<div class=\"elementor-element elementor-element-5951a47 e-con-full e-flex e-con e-child\" data-id=\"5951a47\" data-element_type=\"container\">\n\t\t\t\t<div class=\"elementor-element elementor-element-3d66770 elementor-widget elementor-widget-text-editor\" data-id=\"3d66770\" data-element_type=\"widget\" data-widget_type=\"text-editor.default\">\n\t\t\t\t<div class=\"elementor-widget-container\">\n\t\t\t<style>\/*! elementor - v3.21.0 - 08-05-2024 *\/\n.elementor-widget-text-editor.elementor-drop-cap-view-stacked .elementor-drop-cap{background-color:#69727d;color:#fff}.elementor-widget-text-editor.elementor-drop-cap-view-framed .elementor-drop-cap{color:#69727d;border:3px solid;background-color:transparent}.elementor-widget-text-editor:not(.elementor-drop-cap-view-default) .elementor-drop-cap{margin-top:8px}.elementor-widget-text-editor:not(.elementor-drop-cap-view-default) .elementor-drop-cap-letter{width:1em;height:1em}.elementor-widget-text-editor .elementor-drop-cap{float:left;text-align:center;line-height:1;font-size:50px}.elementor-widget-text-editor .elementor-drop-cap-letter{display:inline-block}<\/style>\t\t\t\t<p><strong>Zabudowa kontenerowa &#8211; izoterma<\/strong><\/p><p><a href=\"https:\/\/steeler4x4.com\/konfigurator\/produkt\/lampa-ledowa-stop\/\">Lampa Ledowa &#8220;STOP&#8221;<\/a><br \/><a href=\"https:\/\/steeler4x4.com\/konfigurator\/produkt\/lampa-obrysowa-led-biala\/\">Lampa obrysowa LED Bia\u0142a<\/a><br \/><a href=\"https:\/\/steeler4x4.com\/konfigurator\/produkt\/lampa-obrysowa-led-czerwona\/\">Lampa obrysowa LED Czerwona<\/a><br \/><a href=\"https:\/\/steeler4x4.com\/konfigurator\/produkt\/lampa-obrysowa-led-boczna-zolta-z-odblaskiem\/\">Lampa obrysowa LED boczna \u017c\u00f3\u0142ta z odblaskiem<\/a> <br \/><a href=\"https:\/\/steeler4x4.com\/konfigurator\/produkt\/lampa-obrysowa-led-3-funkcyjna\/\">Lampa obrysowa LED 3-funkcyjna<\/a> <br \/><a href=\"https:\/\/steeler4x4.com\/konfigurator\/produkt\/lampa-wewnetrzna-led-z-czujnikiem-ruchu\/\">Lampka wewn\u0119trzna LED z czujnikiem ruchu<\/a><br \/><a href=\"https:\/\/steeler4x4.com\/konfigurator\/produkt\/lampa-wewnetrzna-led-bez-czujnika-ruchu\/\">Lampka wewn\u0119trzna LED bez czujnika ruchu<\/a><br \/><a href=\"https:\/\/steeler4x4.com\/konfigurator\/produkt\/lampa-wewnetrzna-led-cienka-bez-czujnika-ruchu\/\">Lampka wewn\u0119trzna LED cienka bez czujnika ruchu<\/a><br \/><a href=\"https:\/\/steeler4x4.com\/konfigurator\/produkt\/odblask-prostokatny-zolty-z-tasma\/\">Odblask Prostok\u0105tny \u017c\u00f3\u0142ty z ta\u015bm\u0105<\/a><br \/><a href=\"https:\/\/steeler4x4.com\/konfigurator\/produkt\/odboj-gumowy-2-otwory-stozek\/\">Odb\u00f3j Gumowy 2 otwory (sto\u017cek)<\/a><br \/><a href=\"https:\/\/steeler4x4.com\/konfigurator\/produkt\/drabinka-tylna-470\/\">Drabinka tylna 470<\/a><br \/><a href=\"https:\/\/steeler4x4.com\/konfigurator\/produkt\/drabinka-boczna-370\/\">Drabinka boczna 370<\/a><br \/><a href=\"https:\/\/steeler4x4.com\/konfigurator\/produkt\/zamkniecie-drzwi-tyl\/\">Zamkni\u0119cie drzwi tylne<\/a><br \/><a href=\"https:\/\/steeler4x4.com\/konfigurator\/produkt\/zawias-drzwi-tylnych-l250\/\">Zawias drzwi tylnych L250<\/a><br \/><a href=\"https:\/\/steeler4x4.com\/konfigurator\/produkt\/trzymacz-drzwi\/\">Trzymacz drzwi<\/a><br \/><a href=\"https:\/\/steeler4x4.com\/konfigurator\/produkt\/zamkniecie-drzwi-bok\/\">Zamkni\u0119cie &#8211; drzwi boczne<\/a><br \/><a href=\"https:\/\/steeler4x4.com\/konfigurator\/produkt\/zawias-drzwi-bocznych-l270\/\">Zawias drzwi bocznych L270<\/a><br \/><a href=\"https:\/\/steeler4x4.com\/konfigurator\/produkt\/chlapacz-do-nadkola-z-logiem-steeler\/\">Chlapacz do nadkola z logo STEELER<\/a><br \/><a href=\"https:\/\/steeler4x4.com\/konfigurator\/produkt\/nadkole-plastikowe-do-zabudow-z-logo-steeler\/\">Nadkole plastikowe do zabud\u00f3w z logo STEELER<\/a><br \/><a href=\"https:\/\/steeler4x4.com\/konfigurator\/produkt\/box-boczny-40l\/\">Box boczny 40l<\/a><br \/><a href=\"https:\/\/steeler4x4.com\/konfigurator\/produkt\/box-boczny-60l\/\">Box boczny 60l<\/a><br \/><a href=\"https:\/\/steeler4x4.com\/konfigurator\/produkt\/lampa-lazer-utility-25\/\">Lampa Lazer Utility 25<\/a><br \/>Spojler Proace Max &#8211; Niski<br \/>Spojler Proace Max &#8211; Wysoki<br \/>Owiewki boczne 2 elementowe do Spojlera<br \/>Listwa \u0142adunkowa d\u0142ugo\u015b\u0107 3050mm\/ 132mm- Ocynk<br \/>Os\u0142ona silnika i skrzyni bieg\u00f3w- 3mm-stal<br \/>Os\u0142ona silnika i skrzyni bieg\u00f3w- 5mm-aluminium<br \/>Os\u0142ona zbiornika paliwa i zbiornika adblue- 3mm-stal<br \/>Os\u0142ona zbiornika paliwa i zbiornika adblue- 5mm-aluminium<\/p>\t\t\t\t\t\t<\/div>\n\t\t\t\t<\/div>\n\t\t\t\t<\/div>\n\t\t<div class=\"elementor-element elementor-element-2aaa3dd e-con-full e-flex e-con e-child\" data-id=\"2aaa3dd\" data-element_type=\"container\">\n\t\t\t\t<div class=\"elementor-element elementor-element-fbd8aba elementor-widget elementor-widget-text-editor\" data-id=\"fbd8aba\" data-element_type=\"widget\" data-widget_type=\"text-editor.default\">\n\t\t\t\t<div class=\"elementor-widget-container\">\n\t\t\t\t\t\t\t<p><strong>Zabudowa kontenerowa &#8211; ch\u0142odnia<\/strong><\/p><p><a href=\"https:\/\/steeler4x4.com\/konfigurator\/produkt\/lampa-ledowa-stop\/\">Lampa Ledowa &#8220;STOP&#8221;<\/a><br \/><a href=\"https:\/\/steeler4x4.com\/konfigurator\/produkt\/lampa-obrysowa-led-biala\/\">Lampa obrysowa LED Bia\u0142a<\/a><br \/><a href=\"https:\/\/steeler4x4.com\/konfigurator\/produkt\/lampa-obrysowa-led-czerwona\/\">Lampa obrysowa LED Czerwona<\/a><br \/><a href=\"https:\/\/steeler4x4.com\/konfigurator\/produkt\/lampa-obrysowa-led-boczna-zolta-z-odblaskiem\/\">Lampa obrysowa LED boczna \u017c\u00f3\u0142ta z odblaskiem<\/a> <br \/><a href=\"https:\/\/steeler4x4.com\/konfigurator\/produkt\/lampa-obrysowa-led-3-funkcyjna\/\">Lampa obrysowa LED 3-funkcyjna<\/a> <br \/><a href=\"https:\/\/steeler4x4.com\/konfigurator\/produkt\/lampa-wewnetrzna-led-z-czujnikiem-ruchu\/\">Lampka wewn\u0119trzna LED z czujnikiem ruchu<\/a><br \/><a href=\"https:\/\/steeler4x4.com\/konfigurator\/produkt\/lampa-wewnetrzna-led-bez-czujnika-ruchu\/\">Lampka wewn\u0119trzna LED bez czujnika ruchu<\/a><br \/><a href=\"https:\/\/steeler4x4.com\/konfigurator\/produkt\/lampa-wewnetrzna-led-cienka-bez-czujnika-ruchu\/\">Lampka wewn\u0119trzna LED cienka bez czujnika ruchu<\/a><br \/><a href=\"https:\/\/steeler4x4.com\/konfigurator\/produkt\/odblask-prostokatny-zolty-z-tasma\/\">Odblask Prostok\u0105tny \u017c\u00f3\u0142ty z ta\u015bm\u0105<\/a><br \/><a href=\"https:\/\/steeler4x4.com\/konfigurator\/produkt\/odboj-gumowy-2-otwory-stozek\/\">Odb\u00f3j Gumowy 2 otwory (sto\u017cek)<\/a><br \/><a href=\"https:\/\/steeler4x4.com\/konfigurator\/produkt\/drabinka-tylna-470\/\">Drabinka tylna 470<\/a><br \/><a href=\"https:\/\/steeler4x4.com\/konfigurator\/produkt\/drabinka-boczna-370\/\">Drabinka boczna 370<\/a><br \/><a href=\"https:\/\/steeler4x4.com\/konfigurator\/produkt\/zamkniecie-drzwi-tyl\/\">Zamkni\u0119cie drzwi tylne<\/a><br \/>Zawias drzwi tylnych L310<br \/><a href=\"https:\/\/steeler4x4.com\/konfigurator\/produkt\/trzymacz-drzwi\/\">Trzymacz drzwi<\/a><br \/><a href=\"https:\/\/steeler4x4.com\/konfigurator\/produkt\/zamkniecie-drzwi-bok\/\">Zamkni\u0119cie &#8211; drzwi boczne<\/a><br \/><a href=\"https:\/\/steeler4x4.com\/konfigurator\/produkt\/zawias-drzwi-bocznych-l270\/\">Zawias drzwi bocznych L270<\/a><br \/><a href=\"https:\/\/steeler4x4.com\/konfigurator\/produkt\/chlapacz-do-nadkola-z-logiem-steeler\/\">Chlapacz do nadkola z logo STEELER<\/a><br \/><a href=\"https:\/\/steeler4x4.com\/konfigurator\/produkt\/nadkole-plastikowe-do-zabudow-z-logo-steeler\/\">Nadkole plastikowe do zabud\u00f3w z logo STEELER<\/a><br \/><a href=\"https:\/\/steeler4x4.com\/konfigurator\/produkt\/box-boczny-40l\/\">Box boczny 40l<\/a><br \/><a href=\"https:\/\/steeler4x4.com\/konfigurator\/produkt\/box-boczny-60l\/\">Box boczny 60l<\/a><br \/><a href=\"https:\/\/steeler4x4.com\/konfigurator\/produkt\/lampa-lazer-utility-25\/\">Lampa Lazer Utility 25<\/a><br \/>Spojler Proace Max &#8211; Niski<br \/>Spojler Proace Max &#8211; Wysoki<br \/>Owiewki boczne 2 elementowe do Spojlera<br \/>Listwa \u0142adunkowa d\u0142ugo\u015b\u0107 3050mm\/ 132mm- Ocynk<br \/>Os\u0142ona silnika i skrzyni bieg\u00f3w- 3mm-stal<br \/>Os\u0142ona silnika i skrzyni bieg\u00f3w- 5mm-aluminium<br \/>Os\u0142ona zbiornika paliwa i zbiornika adblue- 3mm-stal<br \/>Os\u0142ona zbiornika paliwa i zbiornika adblue- 5mm-aluminium<\/p>\t\t\t\t\t\t<\/div>\n\t\t\t\t<\/div>\n\t\t\t\t<\/div>\n\t\t<div class=\"elementor-element elementor-element-0d01854 e-con-full e-flex e-con e-child\" data-id=\"0d01854\" data-element_type=\"container\">\n\t\t\t\t<div class=\"elementor-element elementor-element-8c4de1e elementor-widget elementor-widget-text-editor\" data-id=\"8c4de1e\" data-element_type=\"widget\" data-widget_type=\"text-editor.default\">\n\t\t\t\t<div class=\"elementor-widget-container\">\n\t\t\t\t\t\t\t<p><strong>Zabudowa kontenerowa &#8211; standard<\/strong><\/p><p><a href=\"https:\/\/steeler4x4.com\/konfigurator\/produkt\/lampa-ledowa-stop\/\">Lampa Ledowa &#8220;STOP&#8221;<\/a><br \/><a href=\"https:\/\/steeler4x4.com\/konfigurator\/produkt\/lampa-obrysowa-led-biala\/\">Lampa obrysowa LED Bia\u0142a<\/a><br \/><a href=\"https:\/\/steeler4x4.com\/konfigurator\/produkt\/lampa-obrysowa-led-czerwona\/\">Lampa obrysowa LED Czerwona<\/a><br \/><a href=\"https:\/\/steeler4x4.com\/konfigurator\/produkt\/lampa-obrysowa-led-boczna-zolta-z-odblaskiem\/\">Lampa obrysowa LED boczna \u017c\u00f3\u0142ta z odblaskiem<\/a> <br \/><a href=\"https:\/\/steeler4x4.com\/konfigurator\/produkt\/lampa-obrysowa-led-3-funkcyjna\/\">Lampa obrysowa LED 3-funkcyjna<\/a> <br \/><a href=\"https:\/\/steeler4x4.com\/konfigurator\/produkt\/lampa-wewnetrzna-led-z-czujnikiem-ruchu\/\">Lampka wewn\u0119trzna LED z czujnikiem ruchu<\/a><br \/><a href=\"https:\/\/steeler4x4.com\/konfigurator\/produkt\/lampa-wewnetrzna-led-bez-czujnika-ruchu\/\">Lampka wewn\u0119trzna LED bez czujnika ruchu<\/a><br \/><a href=\"https:\/\/steeler4x4.com\/konfigurator\/produkt\/lampa-wewnetrzna-led-cienka-bez-czujnika-ruchu\/\">Lampka wewn\u0119trzna LED cienka bez czujnika ruchu<\/a><br \/><a href=\"https:\/\/steeler4x4.com\/konfigurator\/produkt\/odblask-prostokatny-zolty-z-tasma\/\">Odblask Prostok\u0105tny \u017c\u00f3\u0142ty z ta\u015bm\u0105<\/a><br \/><a href=\"https:\/\/steeler4x4.com\/konfigurator\/produkt\/odboj-gumowy-2-otwory-stozek\/\">Odb\u00f3j Gumowy 2 otwory (sto\u017cek)<\/a><br \/><a href=\"https:\/\/steeler4x4.com\/konfigurator\/produkt\/drabinka-tylna-470\/\">Drabinka tylna 470<\/a><br \/><a href=\"https:\/\/steeler4x4.com\/konfigurator\/produkt\/drabinka-boczna-370\/\">Drabinka boczna 370<\/a><br \/><a href=\"https:\/\/steeler4x4.com\/konfigurator\/produkt\/zamkniecie-drzwi-tyl\/\">Zamkni\u0119cie drzwi tylne<\/a><br \/><a href=\"https:\/\/steeler4x4.com\/konfigurator\/produkt\/zawias-drzwi-tylnych-l250\/\">Zawias drzwi tylnych L250<\/a><br \/><a href=\"https:\/\/steeler4x4.com\/konfigurator\/produkt\/trzymacz-drzwi\/\">Trzymacz drzwi<\/a><br \/><a href=\"https:\/\/steeler4x4.com\/konfigurator\/produkt\/zamkniecie-drzwi-bok\/\">Zamkni\u0119cie &#8211; drzwi boczne<\/a><br \/><a href=\"https:\/\/steeler4x4.com\/konfigurator\/produkt\/zawias-drzwi-bocznych-l270\/\">Zawias drzwi bocznych L270<\/a><br \/><a href=\"https:\/\/steeler4x4.com\/konfigurator\/produkt\/chlapacz-do-nadkola-z-logiem-steeler\/\">Chlapacz do nadkola z logo STEELER<\/a><br \/><a href=\"https:\/\/steeler4x4.com\/konfigurator\/produkt\/nadkole-plastikowe-do-zabudow-z-logo-steeler\/\">Nadkole plastikowe do zabud\u00f3w z logo STEELER<\/a><br \/><a href=\"https:\/\/steeler4x4.com\/konfigurator\/produkt\/box-boczny-40l\/\">Box boczny 40l<\/a><br \/><a href=\"https:\/\/steeler4x4.com\/konfigurator\/produkt\/box-boczny-60l\/\">Box boczny 60l<\/a><br \/><a href=\"https:\/\/steeler4x4.com\/konfigurator\/produkt\/lampa-lazer-utility-25\/\">Lampa Lazer Utility 25<\/a><br \/>Spojler Proace Max &#8211; Niski<br \/>Spojler Proace Max &#8211; Wysoki<br \/>Owiewki boczne 2 elementowe do Spojlera<br \/>Listwa \u0142adunkowa d\u0142ugo\u015b\u0107 3050mm\/ 132mm- Ocynk<br \/>Os\u0142ona silnika i skrzyni bieg\u00f3w- 3mm-stal<br \/>Os\u0142ona silnika i skrzyni bieg\u00f3w- 5mm-aluminium<br \/>Os\u0142ona zbiornika paliwa i zbiornika adblue- 3mm-stal<br \/>Os\u0142ona zbiornika paliwa i zbiornika adblue- 5mm-aluminium<\/p>\t\t\t\t\t\t<\/div>\n\t\t\t\t<\/div>\n\t\t\t\t<\/div>\n\t\t<div class=\"elementor-element elementor-element-ccbdc49 e-con-full e-flex e-con e-child\" data-id=\"ccbdc49\" data-element_type=\"container\">\n\t\t\t\t<div class=\"elementor-element elementor-element-26d5de6 elementor-widget elementor-widget-text-editor\" data-id=\"26d5de6\" data-element_type=\"widget\" data-widget_type=\"text-editor.default\">\n\t\t\t\t<div class=\"elementor-widget-container\">\n\t\t\t\t\t\t\t<p><strong>Laweta<\/strong><\/p><p>Lusterko do lawety przy kapota\u017cu<br \/>Pod\u015bwietlenie tablicy rejestracyjnej LED<br \/>Pod\u015bwietlenie tablicy rejestracyjnej (zwyk\u0142a \u017car\u00f3wka)<br \/><a href=\"https:\/\/steeler4x4.com\/konfigurator\/produkt\/lampa-obrysowa-led-boczna-zolta-z-odblaskiem\/\">Lampa obrysowa LED boczna \u017c\u00f3\u0142ta z odblaskiem<\/a> <br \/>Blokada Ko\u0142a 1 szt. (standard pomara\u0144czowy kolor)<br \/>Pasek do podjazd\u00f3w do zanitowania<br \/>Podjazd do lawety 1szt. (2,5m)<br \/><a href=\"https:\/\/steeler4x4.com\/konfigurator\/produkt\/odblask-prostokatny-zolty-z-tasma\/\">Odblask Prostok\u0105tny \u017c\u00f3\u0142ty z ta\u015bm\u0105<\/a><br \/><a href=\"https:\/\/steeler4x4.com\/konfigurator\/produkt\/chlapacz-do-nadkola-z-logiem-steeler\/\">Chlapacz do nadkola z logo STEELER<\/a><br \/><a href=\"https:\/\/steeler4x4.com\/konfigurator\/produkt\/nadkole-plastikowe-do-zabudow-z-logo-steeler\/\">Nadkole plastikowe do zabud\u00f3w z logo STEELER<\/a><br \/><a href=\"https:\/\/steeler4x4.com\/konfigurator\/produkt\/box-boczny-40l\/\">Box boczny 40l<\/a><br \/><a href=\"https:\/\/steeler4x4.com\/konfigurator\/produkt\/box-boczny-60l\/\">Box boczny 60l<\/a><br \/><a href=\"https:\/\/steeler4x4.com\/konfigurator\/produkt\/lampa-lazer-utility-25\/\">Lampa Lazer Utility 25<\/a><br \/>Os\u0142ona silnika i skrzyni bieg\u00f3w- 3mm-stal<br \/>Os\u0142ona silnika i skrzyni bieg\u00f3w- 5mm-aluminium<br \/>Os\u0142ona zbiornika paliwa i zbiornika adblue- 3mm-stal<br \/>Os\u0142ona zbiornika paliwa i zbiornika adblue- 5mm-aluminium<br \/>Lampa obrysowa LED przednia bia\u0142a<br \/>P\u0142yta wyci\u0105garki przednia Proace Max<br \/>P\u0142yta wyci\u0105garki Proace Max pod \u0142o\u017ce tylne lawety<\/p>\t\t\t\t\t\t<\/div>\n\t\t\t\t<\/div>\n\t\t\t\t<\/div>\n\t\t<div class=\"elementor-element elementor-element-f586401 e-con-full e-flex e-con e-child\" data-id=\"f586401\" data-element_type=\"container\">\n\t\t\t\t<div class=\"elementor-element elementor-element-fc62bc4 elementor-widget elementor-widget-text-editor\" data-id=\"fc62bc4\" data-element_type=\"widget\" data-widget_type=\"text-editor.default\">\n\t\t\t\t<div class=\"elementor-widget-container\">\n\t\t\t\t\t\t\t<p><strong>Skrzynia otwarta<\/strong><\/p><p><a href=\"https:\/\/steeler4x4.com\/konfigurator\/produkt\/lampa-ledowa-stop\/\">Lampa Ledowa &#8220;STOP&#8221;<\/a><br \/><a href=\"https:\/\/steeler4x4.com\/konfigurator\/produkt\/lampa-obrysowa-led-biala\/\">Lampa obrysowa LED Bia\u0142a<\/a><br \/><a href=\"https:\/\/steeler4x4.com\/konfigurator\/produkt\/lampa-obrysowa-led-czerwona\/\">Lampa obrysowa LED Czerwona<\/a><br \/><a href=\"https:\/\/steeler4x4.com\/konfigurator\/produkt\/lampa-obrysowa-led-boczna-zolta-z-odblaskiem\/\">Lampa obrysowa LED boczna \u017c\u00f3\u0142ta z odblaskiem<\/a> <br \/><a href=\"https:\/\/steeler4x4.com\/konfigurator\/produkt\/lampa-obrysowa-led-3-funkcyjna\/\">Lampa obrysowa LED 3-funkcyjna<\/a> <br \/><a href=\"https:\/\/steeler4x4.com\/konfigurator\/produkt\/lampa-wewnetrzna-led-z-czujnikiem-ruchu\/\">Lampka wewn\u0119trzna LED z czujnikiem ruchu<\/a><br \/><a href=\"https:\/\/steeler4x4.com\/konfigurator\/produkt\/lampa-wewnetrzna-led-bez-czujnika-ruchu\/\">Lampka wewn\u0119trzna LED bez czujnika ruchu<\/a><br \/><a href=\"https:\/\/steeler4x4.com\/konfigurator\/produkt\/lampa-wewnetrzna-led-cienka-bez-czujnika-ruchu\/\">Lampka wewn\u0119trzna LED cienka bez czujnika ruchu<\/a><br \/><a href=\"https:\/\/steeler4x4.com\/konfigurator\/produkt\/odblask-prostokatny-zolty-z-tasma\/\">Odblask Prostok\u0105tny \u017c\u00f3\u0142ty z ta\u015bm\u0105<\/a><br \/><a href=\"https:\/\/steeler4x4.com\/konfigurator\/produkt\/chlapacz-do-nadkola-z-logiem-steeler\/\">Chlapacz do nadkola z logo STEELER<\/a><br \/><a href=\"https:\/\/steeler4x4.com\/konfigurator\/produkt\/nadkole-plastikowe-do-zabudow-z-logo-steeler\/\">Nadkole plastikowe do zabud\u00f3w z logo STEELER<\/a><br \/><a href=\"https:\/\/steeler4x4.com\/konfigurator\/produkt\/box-boczny-40l\/\">Box boczny 40l<\/a><br \/><a href=\"https:\/\/steeler4x4.com\/konfigurator\/produkt\/box-boczny-60l\/\">Box boczny 60l<\/a><br \/><a href=\"https:\/\/steeler4x4.com\/konfigurator\/produkt\/lampa-lazer-utility-25\/\">Lampa Lazer Utility 25<\/a><br \/>Os\u0142ona silnika i skrzyni bieg\u00f3w- 3mm-stal<br \/>Os\u0142ona silnika i skrzyni bieg\u00f3w- 5mm-aluminium<br \/>Os\u0142ona zbiornika paliwa i zbiornika adblue- 3mm-stal<br \/>Os\u0142ona zbiornika paliwa i zbiornika adblue- 5mm-aluminium<br \/>Zamkni\u0119cie pionowe zewn\u0119trzne prawe<br \/>Zamkni\u0119cie pionowe zewn\u0119trzne lewe<br \/>Zamkni\u0119cie pionowe lewe tylnej burty, oraz \u015brodka burty<br \/>Zamkni\u0119cie pionowe prawe tylnej burty, oraz \u015brodka burty<br \/>Podk\u0142adka Zawiasu L-90 Ocynk<br \/>Zawias burtowy L-90 Gniazdo ocynk<br \/>Zwiast burtowy L-90 Czop ocynk<\/p>\t\t\t\t\t\t<\/div>\n\t\t\t\t<\/div>\n\t\t\t\t<\/div>\n\t\t<div class=\"elementor-element elementor-element-b322a28 e-con-full e-flex e-con e-child\" data-id=\"b322a28\" data-element_type=\"container\">\n\t\t\t\t<div class=\"elementor-element elementor-element-aa8c185 elementor-widget elementor-widget-text-editor\" data-id=\"aa8c185\" data-element_type=\"widget\" data-widget_type=\"text-editor.default\">\n\t\t\t\t<div class=\"elementor-widget-container\">\n\t\t\t\t\t\t\t<p><strong>Plandeka<\/strong><\/p><p><a href=\"https:\/\/steeler4x4.com\/konfigurator\/produkt\/lampa-ledowa-stop\/\">Lampa Ledowa &#8220;STOP&#8221;<\/a><br \/><a href=\"https:\/\/steeler4x4.com\/konfigurator\/produkt\/lampa-obrysowa-led-biala\/\">Lampa obrysowa LED Bia\u0142a<\/a><br \/><a href=\"https:\/\/steeler4x4.com\/konfigurator\/produkt\/lampa-obrysowa-led-czerwona\/\">Lampa obrysowa LED Czerwona<\/a><br \/><a href=\"https:\/\/steeler4x4.com\/konfigurator\/produkt\/lampa-obrysowa-led-boczna-zolta-z-odblaskiem\/\">Lampa obrysowa LED boczna \u017c\u00f3\u0142ta z odblaskiem<\/a> <br \/><a href=\"https:\/\/steeler4x4.com\/konfigurator\/produkt\/lampa-obrysowa-led-3-funkcyjna\/\">Lampa obrysowa LED 3-funkcyjna<\/a> <br \/><a href=\"https:\/\/steeler4x4.com\/konfigurator\/produkt\/lampa-wewnetrzna-led-z-czujnikiem-ruchu\/\">Lampka wewn\u0119trzna LED z czujnikiem ruchu<\/a><br \/><a href=\"https:\/\/steeler4x4.com\/konfigurator\/produkt\/lampa-wewnetrzna-led-bez-czujnika-ruchu\/\">Lampka wewn\u0119trzna LED bez czujnika ruchu<\/a><br \/><a href=\"https:\/\/steeler4x4.com\/konfigurator\/produkt\/lampa-wewnetrzna-led-cienka-bez-czujnika-ruchu\/\">Lampka wewn\u0119trzna LED cienka bez czujnika ruchu<\/a><br \/><a href=\"https:\/\/steeler4x4.com\/konfigurator\/produkt\/odblask-prostokatny-zolty-z-tasma\/\">Odblask Prostok\u0105tny \u017c\u00f3\u0142ty z ta\u015bm\u0105<\/a><br \/><a href=\"https:\/\/steeler4x4.com\/konfigurator\/produkt\/chlapacz-do-nadkola-z-logiem-steeler\/\">Chlapacz do nadkola z logo STEELER<\/a><br \/><a href=\"https:\/\/steeler4x4.com\/konfigurator\/produkt\/nadkole-plastikowe-do-zabudow-z-logo-steeler\/\">Nadkole plastikowe do zabud\u00f3w z logo STEELER<\/a><br \/><a href=\"https:\/\/steeler4x4.com\/konfigurator\/produkt\/box-boczny-40l\/\">Box boczny 40l<\/a><br \/><a href=\"https:\/\/steeler4x4.com\/konfigurator\/produkt\/box-boczny-60l\/\">Box boczny 60l<\/a><br \/><a href=\"https:\/\/steeler4x4.com\/konfigurator\/produkt\/lampa-lazer-utility-25\/\">Lampa Lazer Utility 25<\/a><br \/>Os\u0142ona silnika i skrzyni bieg\u00f3w- 3mm-stal<br \/>Os\u0142ona silnika i skrzyni bieg\u00f3w- 5mm-aluminium<br \/>Os\u0142ona zbiornika paliwa i zbiornika adblue- 3mm-stal<br \/>Os\u0142ona zbiornika paliwa i zbiornika adblue- 5mm-aluminium<br \/>Zamkni\u0119cie pionowe zewn\u0119trzne prawe<br \/>Zamkni\u0119cie pionowe zewn\u0119trzne lewe<br \/>Zamkni\u0119cie pionowe lewe tylnej burty, oraz \u015brodka burty<br \/>Zamkni\u0119cie pionowe prawe tylnej burty, oraz \u015brodka burty<br \/>Podk\u0142adka Zawiasu L-90 Ocynk<br \/>Zawias burtowy L-90 Gniazdo ocynk<br \/>Zwiast burtowy L-90 Czop ocynk<br \/>Spojler Proace Max &#8211; Niski<br \/>Spojler Proace Max &#8211; Wysoki<br \/>Owiewki boczne 2 elementowe do Spojlera<\/p>\t\t\t\t\t\t<\/div>\n\t\t\t\t<\/div>\n\t\t\t\t<\/div>\n\t\t\t\t<\/div>\n\t\t\t\t<\/div>\n\t\t","protected":false},"excerpt":{"rendered":"<p>CZ\u0118\u015aCI ZAMIENNE Zabudowa kontenerowa &#8211; izoterma Lampa Ledowa &#8220;STOP&#8221;Lampa obrysowa LED Bia\u0142aLampa obrysowa LED CzerwonaLampa obrysowa LED boczna \u017c\u00f3\u0142ta z odblaskiem Lampa obrysowa LED 3-funkcyjna Lampka wewn\u0119trzna LED z czujnikiem ruchuLampka wewn\u0119trzna LED bez czujnika ruchuLampka wewn\u0119trzna LED cienka bez czujnika ruchuOdblask Prostok\u0105tny \u017c\u00f3\u0142ty z ta\u015bm\u0105Odb\u00f3j Gumowy 2 otwory (sto\u017cek)Drabinka tylna 470Drabinka boczna 370Zamkni\u0119cie drzwi tylneZawias drzwi tylnych L250Trzymacz drzwiZamkni\u0119cie &#8211; drzwi boczneZawias drzwi bocznych L270Chlapacz do nadkola z logo STEELERNadkole plastikowe do zabud\u00f3w z logo STEELERBox boczny 40lBox boczny 60lLampa Lazer Utility 25Spojler Proace Max &#8211; NiskiSpojler Proace Max &#8211; WysokiOwiewki boczne 2 elementowe do SpojleraListwa \u0142adunkowa d\u0142ugo\u015b\u0107 3050mm\/ 132mm- OcynkOs\u0142ona silnika i skrzyni bieg\u00f3w- 3mm-stalOs\u0142ona silnika i skrzyni bieg\u00f3w- 5mm-aluminiumOs\u0142ona zbiornika paliwa i zbiornika adblue- 3mm-stalOs\u0142ona zbiornika paliwa i zbiornika adblue- 5mm-aluminium Zabudowa kontenerowa &#8211; ch\u0142odnia Lampa Ledowa &#8220;STOP&#8221;Lampa obrysowa LED Bia\u0142aLampa obrysowa LED CzerwonaLampa obrysowa LED boczna \u017c\u00f3\u0142ta z odblaskiem Lampa obrysowa LED 3-funkcyjna Lampka wewn\u0119trzna LED&hellip;<\/p>\n<p> <a class=\"more-link\" href=\"https:\/\/steeler4x4.com\/konfigurator\/czesci-zamienne\/\">Dowiedz si\u0119 wi\u0119cej<\/a><\/p>\n","protected":false},"author":1,"featured_media":0,"parent":0,"menu_order":0,"comment_status":"closed","ping_status":"closed","template":"elementor_header_footer","meta":{"footnotes":""},"class_list":["post-1302","page","type-page","status-publish"],"_links":{"self":[{"href":"https:\/\/steeler4x4.com\/konfigurator\/wp-json\/wp\/v2\/pages\/1302","targetHints":{"allow":["GET"]}}],"collection":[{"href":"https:\/\/steeler4x4.com\/konfigurator\/wp-json\/wp\/v2\/pages"}],"about":[{"href":"https:\/\/steeler4x4.com\/konfigurator\/wp-json\/wp\/v2\/types\/page"}],"author":[{"embeddable":true,"href":"https:\/\/steeler4x4.com\/konfigurator\/wp-json\/wp\/v2\/users\/1"}],"replies":[{"embeddable":true,"href":"https:\/\/steeler4x4.com\/konfigurator\/wp-json\/wp\/v2\/comments?post=1302"}],"version-history":[{"count":49,"href":"https:\/\/steeler4x4.com\/konfigurator\/wp-json\/wp\/v2\/pages\/1302\/revisions"}],"predecessor-version":[{"id":1477,"href":"https:\/\/steeler4x4.com\/konfigurator\/wp-json\/wp\/v2\/pages\/1302\/revisions\/1477"}],"wp:attachment":[{"href":"https:\/\/steeler4x4.com\/konfigurator\/wp-json\/wp\/v2\/media?parent=1302"}],"curies":[{"name":"wp","href":"https:\/\/api.w.org\/{rel}","templated":true}]}}