{"id":1082,"date":"2024-12-09T12:05:27","date_gmt":"2024-12-09T11:05:27","guid":{"rendered":"https:\/\/steeler4x4.com\/konfigurator\/?page_id=1082"},"modified":"2024-12-09T12:06:24","modified_gmt":"2024-12-09T11:06:24","slug":"plandeka","status":"publish","type":"page","link":"https:\/\/steeler4x4.com\/konfigurator\/plandeka\/","title":{"rendered":"Plandeka"},"content":{"rendered":"\t\t<div data-elementor-type=\"wp-page\" data-elementor-id=\"1082\" class=\"elementor elementor-1082\" data-elementor-post-type=\"page\">\n\t\t\t\t<div class=\"elementor-element elementor-element-e4ed0f4 e-con-full e-flex e-con e-parent\" data-id=\"e4ed0f4\" data-element_type=\"container\" data-settings=\"{&quot;background_background&quot;:&quot;classic&quot;}\">\n\t\t\t\t<div class=\"elementor-element elementor-element-82bc944 elementor-widget elementor-widget-heading\" data-id=\"82bc944\" data-element_type=\"widget\" data-widget_type=\"heading.default\">\n\t\t\t\t<div class=\"elementor-widget-container\">\n\t\t\t<style>\/*! elementor - v3.21.0 - 08-05-2024 *\/\n.elementor-heading-title{padding:0;margin:0;line-height:1}.elementor-widget-heading .elementor-heading-title[class*=elementor-size-]>a{color:inherit;font-size:inherit;line-height:inherit}.elementor-widget-heading .elementor-heading-title.elementor-size-small{font-size:15px}.elementor-widget-heading .elementor-heading-title.elementor-size-medium{font-size:19px}.elementor-widget-heading .elementor-heading-title.elementor-size-large{font-size:29px}.elementor-widget-heading .elementor-heading-title.elementor-size-xl{font-size:39px}.elementor-widget-heading .elementor-heading-title.elementor-size-xxl{font-size:59px}<\/style><h2 class=\"elementor-heading-title elementor-size-default\">KONFIGURATOR ZABUD\u00d3W - PLANDEKA<\/h2>\t\t<\/div>\n\t\t\t\t<\/div>\n\t\t\t\t<div class=\"elementor-element elementor-element-05ee086 elementor-widget elementor-widget-heading\" data-id=\"05ee086\" data-element_type=\"widget\" data-widget_type=\"heading.default\">\n\t\t\t\t<div class=\"elementor-widget-container\">\n\t\t\t<h5 class=\"elementor-heading-title elementor-size-default\">Wybierz pojazd bazowy i stw\u00f3rz najlepsz\u0105 konfiguracj\u0119<\/h5>\t\t<\/div>\n\t\t\t\t<\/div>\n\t\t\t\t<\/div>\n\t\t<div class=\"elementor-element elementor-element-aadfcaf e-flex e-con-boxed e-con e-parent\" data-id=\"aadfcaf\" data-element_type=\"container\">\n\t\t\t\t\t<div class=\"e-con-inner\">\n\t\t<div class=\"elementor-element elementor-element-d9229ae e-flex e-con-boxed e-con e-child\" data-id=\"d9229ae\" data-element_type=\"container\">\n\t\t\t\t\t<div class=\"e-con-inner\">\n\t\t<div class=\"elementor-element elementor-element-93c0a2f e-con-full e-flex e-con e-child\" data-id=\"93c0a2f\" data-element_type=\"container\">\n\t\t\t\t<div class=\"elementor-element elementor-element-20feeec elementor-widget elementor-widget-image\" data-id=\"20feeec\" data-element_type=\"widget\" data-widget_type=\"image.default\">\n\t\t\t\t<div class=\"elementor-widget-container\">\n\t\t\t<style>\/*! elementor - v3.21.0 - 08-05-2024 *\/\n.elementor-widget-image{text-align:center}.elementor-widget-image a{display:inline-block}.elementor-widget-image a img[src$=\".svg\"]{width:48px}.elementor-widget-image img{vertical-align:middle;display:inline-block}<\/style>\t\t\t\t\t\t\t\t\t\t<img fetchpriority=\"high\" decoding=\"async\" width=\"800\" height=\"511\" src=\"https:\/\/steeler4x4.com\/konfigurator\/wp-content\/uploads\/2024\/07\/Plandeka-2-1024x654.jpg\" class=\"attachment-large size-large wp-image-134\" alt=\"\" srcset=\"https:\/\/steeler4x4.com\/konfigurator\/wp-content\/uploads\/2024\/07\/Plandeka-2-1024x654.jpg 1024w, https:\/\/steeler4x4.com\/konfigurator\/wp-content\/uploads\/2024\/07\/Plandeka-2-300x192.jpg 300w, https:\/\/steeler4x4.com\/konfigurator\/wp-content\/uploads\/2024\/07\/Plandeka-2-768x490.jpg 768w, https:\/\/steeler4x4.com\/konfigurator\/wp-content\/uploads\/2024\/07\/Plandeka-2-600x383.jpg 600w, https:\/\/steeler4x4.com\/konfigurator\/wp-content\/uploads\/2024\/07\/Plandeka-2.jpg 1452w\" sizes=\"(max-width: 800px) 100vw, 800px\" \/>\t\t\t\t\t\t\t\t\t\t\t\t\t<\/div>\n\t\t\t\t<\/div>\n\t\t\t\t<\/div>\n\t\t<div class=\"elementor-element elementor-element-0b1e77b e-con-full e-flex e-con e-child\" data-id=\"0b1e77b\" data-element_type=\"container\">\n\t\t\t\t<div class=\"elementor-element elementor-element-90dc5eb elementor-widget elementor-widget-text-editor\" data-id=\"90dc5eb\" data-element_type=\"widget\" data-widget_type=\"text-editor.default\">\n\t\t\t\t<div class=\"elementor-widget-container\">\n\t\t\t<style>\/*! elementor - v3.21.0 - 08-05-2024 *\/\n.elementor-widget-text-editor.elementor-drop-cap-view-stacked .elementor-drop-cap{background-color:#69727d;color:#fff}.elementor-widget-text-editor.elementor-drop-cap-view-framed .elementor-drop-cap{color:#69727d;border:3px solid;background-color:transparent}.elementor-widget-text-editor:not(.elementor-drop-cap-view-default) .elementor-drop-cap{margin-top:8px}.elementor-widget-text-editor:not(.elementor-drop-cap-view-default) .elementor-drop-cap-letter{width:1em;height:1em}.elementor-widget-text-editor .elementor-drop-cap{float:left;text-align:center;line-height:1;font-size:50px}.elementor-widget-text-editor .elementor-drop-cap-letter{display:inline-block}<\/style>\t\t\t\t<h1><a href=\"https:\/\/steeler4x4.com\/konfigurator\/produkt\/plandeka-proace-max-l3\/\">ProAce Max L3<\/a><\/h1><h1><a href=\"https:\/\/steeler4x4.com\/konfigurator\/produkt\/plandeka-proace-max-l4\/\">ProAce Max L4<\/a><\/h1>\t\t\t\t\t\t<\/div>\n\t\t\t\t<\/div>\n\t\t\t\t<\/div>\n\t\t\t\t\t<\/div>\n\t\t\t\t<\/div>\n\t\t\t\t\t<\/div>\n\t\t\t\t<\/div>\n\t\t\t\t<\/div>\n\t\t","protected":false},"excerpt":{"rendered":"<p>KONFIGURATOR ZABUD\u00d3W &#8211; PLANDEKA Wybierz pojazd bazowy i stw\u00f3rz najlepsz\u0105 konfiguracj\u0119 ProAce Max L3 ProAce Max L4<\/p>\n","protected":false},"author":1,"featured_media":0,"parent":0,"menu_order":0,"comment_status":"closed","ping_status":"closed","template":"elementor_header_footer","meta":{"footnotes":""},"class_list":["post-1082","page","type-page","status-publish"],"_links":{"self":[{"href":"https:\/\/steeler4x4.com\/konfigurator\/wp-json\/wp\/v2\/pages\/1082","targetHints":{"allow":["GET"]}}],"collection":[{"href":"https:\/\/steeler4x4.com\/konfigurator\/wp-json\/wp\/v2\/pages"}],"about":[{"href":"https:\/\/steeler4x4.com\/konfigurator\/wp-json\/wp\/v2\/types\/page"}],"author":[{"embeddable":true,"href":"https:\/\/steeler4x4.com\/konfigurator\/wp-json\/wp\/v2\/users\/1"}],"replies":[{"embeddable":true,"href":"https:\/\/steeler4x4.com\/konfigurator\/wp-json\/wp\/v2\/comments?post=1082"}],"version-history":[{"count":4,"href":"https:\/\/steeler4x4.com\/konfigurator\/wp-json\/wp\/v2\/pages\/1082\/revisions"}],"predecessor-version":[{"id":1086,"href":"https:\/\/steeler4x4.com\/konfigurator\/wp-json\/wp\/v2\/pages\/1082\/revisions\/1086"}],"wp:attachment":[{"href":"https:\/\/steeler4x4.com\/konfigurator\/wp-json\/wp\/v2\/media?parent=1082"}],"curies":[{"name":"wp","href":"https:\/\/api.w.org\/{rel}","templated":true}]}}